{"id":135,"date":"2016-03-09T10:43:22","date_gmt":"2016-03-09T15:43:22","guid":{"rendered":"http:\/\/vpcanada.com\/?page_id=135&#038;lang=fr"},"modified":"2018-02-16T16:29:01","modified_gmt":"2018-02-16T21:29:01","slug":"etiquettes-personnalisees","status":"publish","type":"page","link":"https:\/\/www.vpcanada.com\/fr\/etiquettes\/etiquettes-personnalisees","title":{"rendered":"\u00c9tiquettes personnalis\u00e9es"},"content":{"rendered":"<p><strong>Notre principale activit\u00e9 consiste \u00e0 cr\u00e9er et \u00e0 d\u00e9velopper des \u00e9tiquettes personnalis\u00e9es.<br \/>\n<\/strong><br \/>\nNous sommes reconnus depuis 1988 pour vous offrir\u00a0les fournitures de codes barres con\u00e7us sp\u00e9cifiquement pour fonctionner dans des environnements extr\u00eames ou\u00a0dans des applications des plus difficiles. Nous sommes les fournisseurs de tout ce que vous avez besoin pour un \u00e9tiquetage complet et un syst\u00e8me d\u2019identification y compris les p\u00e9riph\u00e9riques et les logiciels. Laissez-nous vous aider\u00a0dans l&rsquo;impression et l&rsquo;utilisation\u00a0des \u00e9tiquettes de codes barres, pour le\u00a0bureau, dans l\u2019usine\u00a0et \u00e0 l\u2019ext\u00e9rieur.<\/p>\n<ul>\n<li>Distinguez-vous de la concurrence avec des \u00e9tiquettes pr\u00e9-imprim\u00e9es \u00e0 l&rsquo;image de votre entreprise.<\/li>\n<li>Acc\u00e9l\u00e9rez vos processus d&rsquo;impression et am\u00e9liorez l&rsquo;exactitude des donn\u00e9es \u00e0 l&rsquo;aide de l\u2019impression mobile.<\/li>\n<\/ul>\n<p><strong>La majorit\u00e9 de nos commandes sont personnalis\u00e9es<\/strong><\/p>\n<p><strong>Grand choix de format<\/strong><br \/>\nPour des \u00e9tiquettes en feuilles ou en rouleaux et pour du mat\u00e9riel en une ou deux couches (superposition).<br \/>\nCoins ronds, carr\u00e9s, arrondis, en \u00e9toiles et bien d&rsquo;autres formats disponibles.<\/p>\n<p><strong>Papier et carton<br \/>\n<\/strong>Glac\u00e9, semi-glac\u00e9, polyester clair mat ou glac\u00e9, ac\u00e9tate mat, polyester argent, Kimdura, vinyle, latex et plusieurs autres.<\/p>\n<p><strong>Adh\u00e9sifs performants<br \/>\n<\/strong>Permanent, amovible, repositionnable, opaque, contact direct, ultra-amovible, permanent \u00e0 effet lent, etc.<\/p>\n<p><strong>Impression<\/strong><br \/>\nVertical P\u00e9riph\u00e9rique peut pr\u00e9-imprimer vos codes \u00e0 barres pour vous.<br \/>\nNous pouvons aussi produire vos \u00e9tiquettes de couleur avant que vous n&rsquo;en fassiez l&rsquo;impression.<\/p>\n","protected":false},"excerpt":{"rendered":"<p>Notre principale activit\u00e9 consiste \u00e0 cr\u00e9er et \u00e0 d\u00e9velopper des \u00e9tiquettes personnalis\u00e9es.<br \/>\nOn nous connait pour sp\u00e9cifier les fournitures de code barres con\u00e7us pour fonctionner dans les environnements les plus dures ou les applications les plus difficiles. <\/p>\n","protected":false},"author":2,"featured_media":77,"parent":141,"menu_order":0,"comment_status":"closed","ping_status":"closed","template":"","meta":{"_monsterinsights_skip_tracking":false,"_monsterinsights_sitenote_active":false,"_monsterinsights_sitenote_note":"","_monsterinsights_sitenote_category":0,"footnotes":""},"class_list":["post-135","page","type-page","status-publish","has-post-thumbnail","hentry"],"yoast_head":"<!-- This site is optimized with the Yoast SEO plugin v27.5 - https:\/\/yoast.com\/product\/yoast-seo-wordpress\/ -->\n<title>\u00c9tiquettes personnalis\u00e9es - Vertical peripherals<\/title>\n<meta name=\"description\" content=\"Pour vos besoins d&#039;\u00e9tiquetage complet et un syst\u00e8me d\u2019identification y compris les p\u00e9riph\u00e9riques et les logiciels d&#039;\u00e9tiquettes.\" \/>\n<meta name=\"robots\" content=\"index, follow, max-snippet:-1, max-image-preview:large, max-video-preview:-1\" \/>\n<link rel=\"canonical\" href=\"https:\/\/www.vpcanada.com\/labelling\/custom-bar-code-labels\" \/>\n<meta property=\"og:locale\" content=\"fr_FR\" \/>\n<meta property=\"og:type\" content=\"article\" \/>\n<meta property=\"og:title\" content=\"\u00c9tiquettes personnalis\u00e9es - Vertical peripherals\" \/>\n<meta property=\"og:description\" content=\"Pour vos besoins d&#039;\u00e9tiquetage complet et un syst\u00e8me d\u2019identification y compris les p\u00e9riph\u00e9riques et les logiciels d&#039;\u00e9tiquettes.\" \/>\n<meta property=\"og:url\" content=\"https:\/\/www.vpcanada.com\/labelling\/custom-bar-code-labels\" \/>\n<meta property=\"og:site_name\" content=\"Vertical peripherals\" \/>\n<meta property=\"article:modified_time\" content=\"2018-02-16T21:29:01+00:00\" \/>\n<meta property=\"og:image\" content=\"https:\/\/www.vpcanada.com\/wp-content\/uploads\/2016\/02\/vertical-peripherique-custom-labels.jpg\" \/>\n\t<meta property=\"og:image:width\" content=\"1200\" \/>\n\t<meta property=\"og:image:height\" content=\"752\" \/>\n\t<meta property=\"og:image:type\" content=\"image\/jpeg\" \/>\n<meta name=\"twitter:card\" content=\"summary_large_image\" \/>\n<meta name=\"twitter:label1\" content=\"Dur\u00e9e de lecture estim\u00e9e\" \/>\n\t<meta name=\"twitter:data1\" content=\"1 minute\" \/>\n<script type=\"application\/ld+json\" class=\"yoast-schema-graph\">{\"@context\":\"https:\\\/\\\/schema.org\",\"@graph\":[{\"@type\":\"WebPage\",\"@id\":\"https:\\\/\\\/www.vpcanada.com\\\/labelling\\\/custom-bar-code-labels\",\"url\":\"https:\\\/\\\/www.vpcanada.com\\\/labelling\\\/custom-bar-code-labels\",\"name\":\"\u00c9tiquettes personnalis\u00e9es - Vertical peripherals\",\"isPartOf\":{\"@id\":\"https:\\\/\\\/www.vpcanada.com\\\/#website\"},\"primaryImageOfPage\":{\"@id\":\"https:\\\/\\\/www.vpcanada.com\\\/labelling\\\/custom-bar-code-labels#primaryimage\"},\"image\":{\"@id\":\"https:\\\/\\\/www.vpcanada.com\\\/labelling\\\/custom-bar-code-labels#primaryimage\"},\"thumbnailUrl\":\"https:\\\/\\\/www.vpcanada.com\\\/wp-content\\\/uploads\\\/2016\\\/02\\\/vertical-peripherique-custom-labels.jpg\",\"datePublished\":\"2016-03-09T15:43:22+00:00\",\"dateModified\":\"2018-02-16T21:29:01+00:00\",\"description\":\"Pour vos besoins d'\u00e9tiquetage complet et un syst\u00e8me d\u2019identification y compris les p\u00e9riph\u00e9riques et les logiciels d'\u00e9tiquettes.\",\"breadcrumb\":{\"@id\":\"https:\\\/\\\/www.vpcanada.com\\\/labelling\\\/custom-bar-code-labels#breadcrumb\"},\"inLanguage\":\"fr-FR\",\"potentialAction\":[{\"@type\":\"ReadAction\",\"target\":[\"https:\\\/\\\/www.vpcanada.com\\\/labelling\\\/custom-bar-code-labels\"]}]},{\"@type\":\"ImageObject\",\"inLanguage\":\"fr-FR\",\"@id\":\"https:\\\/\\\/www.vpcanada.com\\\/labelling\\\/custom-bar-code-labels#primaryimage\",\"url\":\"https:\\\/\\\/www.vpcanada.com\\\/wp-content\\\/uploads\\\/2016\\\/02\\\/vertical-peripherique-custom-labels.jpg\",\"contentUrl\":\"https:\\\/\\\/www.vpcanada.com\\\/wp-content\\\/uploads\\\/2016\\\/02\\\/vertical-peripherique-custom-labels.jpg\",\"width\":1200,\"height\":752},{\"@type\":\"BreadcrumbList\",\"@id\":\"https:\\\/\\\/www.vpcanada.com\\\/labelling\\\/custom-bar-code-labels#breadcrumb\",\"itemListElement\":[{\"@type\":\"ListItem\",\"position\":1,\"name\":\"Home\",\"item\":\"https:\\\/\\\/www.vpcanada.com\\\/fr\"},{\"@type\":\"ListItem\",\"position\":2,\"name\":\"\u00c9tiquettes\",\"item\":\"https:\\\/\\\/www.vpcanada.com\\\/labelling\"},{\"@type\":\"ListItem\",\"position\":3,\"name\":\"\u00c9tiquettes personnalis\u00e9es\"}]},{\"@type\":\"WebSite\",\"@id\":\"https:\\\/\\\/www.vpcanada.com\\\/#website\",\"url\":\"https:\\\/\\\/www.vpcanada.com\\\/\",\"name\":\"Vertical peripherals\",\"description\":\"\",\"potentialAction\":[{\"@type\":\"SearchAction\",\"target\":{\"@type\":\"EntryPoint\",\"urlTemplate\":\"https:\\\/\\\/www.vpcanada.com\\\/?s={search_term_string}\"},\"query-input\":{\"@type\":\"PropertyValueSpecification\",\"valueRequired\":true,\"valueName\":\"search_term_string\"}}],\"inLanguage\":\"fr-FR\"}]}<\/script>\n<!-- \/ Yoast SEO plugin. -->","yoast_head_json":{"title":"\u00c9tiquettes personnalis\u00e9es - Vertical peripherals","description":"Pour vos besoins d'\u00e9tiquetage complet et un syst\u00e8me d\u2019identification y compris les p\u00e9riph\u00e9riques et les logiciels d'\u00e9tiquettes.","robots":{"index":"index","follow":"follow","max-snippet":"max-snippet:-1","max-image-preview":"max-image-preview:large","max-video-preview":"max-video-preview:-1"},"canonical":"https:\/\/www.vpcanada.com\/labelling\/custom-bar-code-labels","og_locale":"fr_FR","og_type":"article","og_title":"\u00c9tiquettes personnalis\u00e9es - Vertical peripherals","og_description":"Pour vos besoins d'\u00e9tiquetage complet et un syst\u00e8me d\u2019identification y compris les p\u00e9riph\u00e9riques et les logiciels d'\u00e9tiquettes.","og_url":"https:\/\/www.vpcanada.com\/labelling\/custom-bar-code-labels","og_site_name":"Vertical peripherals","article_modified_time":"2018-02-16T21:29:01+00:00","og_image":[{"width":1200,"height":752,"url":"https:\/\/www.vpcanada.com\/wp-content\/uploads\/2016\/02\/vertical-peripherique-custom-labels.jpg","type":"image\/jpeg"}],"twitter_card":"summary_large_image","twitter_misc":{"Dur\u00e9e de lecture estim\u00e9e":"1 minute"},"schema":{"@context":"https:\/\/schema.org","@graph":[{"@type":"WebPage","@id":"https:\/\/www.vpcanada.com\/labelling\/custom-bar-code-labels","url":"https:\/\/www.vpcanada.com\/labelling\/custom-bar-code-labels","name":"\u00c9tiquettes personnalis\u00e9es - Vertical peripherals","isPartOf":{"@id":"https:\/\/www.vpcanada.com\/#website"},"primaryImageOfPage":{"@id":"https:\/\/www.vpcanada.com\/labelling\/custom-bar-code-labels#primaryimage"},"image":{"@id":"https:\/\/www.vpcanada.com\/labelling\/custom-bar-code-labels#primaryimage"},"thumbnailUrl":"https:\/\/www.vpcanada.com\/wp-content\/uploads\/2016\/02\/vertical-peripherique-custom-labels.jpg","datePublished":"2016-03-09T15:43:22+00:00","dateModified":"2018-02-16T21:29:01+00:00","description":"Pour vos besoins d'\u00e9tiquetage complet et un syst\u00e8me d\u2019identification y compris les p\u00e9riph\u00e9riques et les logiciels d'\u00e9tiquettes.","breadcrumb":{"@id":"https:\/\/www.vpcanada.com\/labelling\/custom-bar-code-labels#breadcrumb"},"inLanguage":"fr-FR","potentialAction":[{"@type":"ReadAction","target":["https:\/\/www.vpcanada.com\/labelling\/custom-bar-code-labels"]}]},{"@type":"ImageObject","inLanguage":"fr-FR","@id":"https:\/\/www.vpcanada.com\/labelling\/custom-bar-code-labels#primaryimage","url":"https:\/\/www.vpcanada.com\/wp-content\/uploads\/2016\/02\/vertical-peripherique-custom-labels.jpg","contentUrl":"https:\/\/www.vpcanada.com\/wp-content\/uploads\/2016\/02\/vertical-peripherique-custom-labels.jpg","width":1200,"height":752},{"@type":"BreadcrumbList","@id":"https:\/\/www.vpcanada.com\/labelling\/custom-bar-code-labels#breadcrumb","itemListElement":[{"@type":"ListItem","position":1,"name":"Home","item":"https:\/\/www.vpcanada.com\/fr"},{"@type":"ListItem","position":2,"name":"\u00c9tiquettes","item":"https:\/\/www.vpcanada.com\/labelling"},{"@type":"ListItem","position":3,"name":"\u00c9tiquettes personnalis\u00e9es"}]},{"@type":"WebSite","@id":"https:\/\/www.vpcanada.com\/#website","url":"https:\/\/www.vpcanada.com\/","name":"Vertical peripherals","description":"","potentialAction":[{"@type":"SearchAction","target":{"@type":"EntryPoint","urlTemplate":"https:\/\/www.vpcanada.com\/?s={search_term_string}"},"query-input":{"@type":"PropertyValueSpecification","valueRequired":true,"valueName":"search_term_string"}}],"inLanguage":"fr-FR"}]}},"_links":{"self":[{"href":"https:\/\/www.vpcanada.com\/fr\/wp-json\/wp\/v2\/pages\/135","targetHints":{"allow":["GET"]}}],"collection":[{"href":"https:\/\/www.vpcanada.com\/fr\/wp-json\/wp\/v2\/pages"}],"about":[{"href":"https:\/\/www.vpcanada.com\/fr\/wp-json\/wp\/v2\/types\/page"}],"author":[{"embeddable":true,"href":"https:\/\/www.vpcanada.com\/fr\/wp-json\/wp\/v2\/users\/2"}],"replies":[{"embeddable":true,"href":"https:\/\/www.vpcanada.com\/fr\/wp-json\/wp\/v2\/comments?post=135"}],"version-history":[{"count":8,"href":"https:\/\/www.vpcanada.com\/fr\/wp-json\/wp\/v2\/pages\/135\/revisions"}],"predecessor-version":[{"id":136,"href":"https:\/\/www.vpcanada.com\/fr\/wp-json\/wp\/v2\/pages\/135\/revisions\/136"}],"up":[{"embeddable":true,"href":"https:\/\/www.vpcanada.com\/fr\/wp-json\/wp\/v2\/pages\/141"}],"wp:featuredmedia":[{"embeddable":true,"href":"https:\/\/www.vpcanada.com\/fr\/wp-json\/wp\/v2\/media\/77"}],"wp:attachment":[{"href":"https:\/\/www.vpcanada.com\/fr\/wp-json\/wp\/v2\/media?parent=135"}],"curies":[{"name":"wp","href":"https:\/\/api.w.org\/{rel}","templated":true}]}}