{"id":143,"date":"2016-03-09T10:52:10","date_gmt":"2016-03-09T15:52:10","guid":{"rendered":"http:\/\/vpcanada.com\/?page_id=143&#038;lang=fr"},"modified":"2018-02-16T16:51:47","modified_gmt":"2018-02-16T21:51:47","slug":"selecteur-detiquettes","status":"publish","type":"page","link":"https:\/\/www.vpcanada.com\/fr\/etiquettes\/selecteur-detiquettes","title":{"rendered":"S\u00e9lecteur d\u2019\u00e9tiquettes"},"content":{"rendered":"<p>Vertical P\u00e9riph\u00e9riques vous offre plus de 3000 grandeurs.<\/p>\n<p>Visualisez les grandeurs d\u2019\u00e9tiquettes dans notre s\u00e9lecteur d&rsquo;\u00e9tiquettes.<\/p>\n<p><a class=\"btn btn-link\" href=\"https:\/\/www.vpcanada.com\/wp-content\/uploads\/2016\/04\/LabelSelector2.pdf\">S\u00e9lecteur d&rsquo;\u00e9tiquettes<\/a><\/p>\n","protected":false},"excerpt":{"rendered":"<p>Vertical P\u00e9riph\u00e9riques vous offre plus de 3000 grandeurs. Visualisez les grandeurs d\u2019\u00e9tiquettes dans notre s\u00e9lecteur d&rsquo;\u00e9tiquettes. S\u00e9lecteur d&rsquo;\u00e9tiquettes<\/p>\n","protected":false},"author":2,"featured_media":80,"parent":141,"menu_order":1,"comment_status":"closed","ping_status":"closed","template":"","meta":{"_monsterinsights_skip_tracking":false,"_monsterinsights_sitenote_active":false,"_monsterinsights_sitenote_note":"","_monsterinsights_sitenote_category":0,"footnotes":""},"class_list":["post-143","page","type-page","status-publish","has-post-thumbnail","hentry"],"yoast_head":"<!-- This site is optimized with the Yoast SEO plugin v27.3 - https:\/\/yoast.com\/product\/yoast-seo-wordpress\/ -->\n<title>S\u00e9lecteur d\u2019\u00e9tiquettes - Vertical peripherals<\/title>\n<meta name=\"description\" content=\"Vertical P\u00e9riph\u00e9riques vous offre plus de 3000 grandeurs d&#039;\u00e9tiquettes.\" \/>\n<meta name=\"robots\" content=\"index, follow, max-snippet:-1, max-image-preview:large, max-video-preview:-1\" \/>\n<link rel=\"canonical\" href=\"https:\/\/www.vpcanada.com\/labelling\/label-selector\" \/>\n<meta property=\"og:locale\" content=\"fr_FR\" \/>\n<meta property=\"og:type\" content=\"article\" \/>\n<meta property=\"og:title\" content=\"S\u00e9lecteur d\u2019\u00e9tiquettes - Vertical peripherals\" \/>\n<meta property=\"og:description\" content=\"Vertical P\u00e9riph\u00e9riques vous offre plus de 3000 grandeurs d&#039;\u00e9tiquettes.\" \/>\n<meta property=\"og:url\" content=\"https:\/\/www.vpcanada.com\/labelling\/label-selector\" \/>\n<meta property=\"og:site_name\" content=\"Vertical peripherals\" \/>\n<meta property=\"article:modified_time\" content=\"2018-02-16T21:51:47+00:00\" \/>\n<meta property=\"og:image\" content=\"https:\/\/www.vpcanada.com\/wp-content\/uploads\/2016\/02\/vertical-peripherique-label-selector.jpg\" \/>\n\t<meta property=\"og:image:width\" content=\"1200\" \/>\n\t<meta property=\"og:image:height\" content=\"752\" \/>\n\t<meta property=\"og:image:type\" content=\"image\/jpeg\" \/>\n<meta name=\"twitter:card\" content=\"summary_large_image\" \/>\n<script type=\"application\/ld+json\" class=\"yoast-schema-graph\">{\"@context\":\"https:\\\/\\\/schema.org\",\"@graph\":[{\"@type\":\"WebPage\",\"@id\":\"https:\\\/\\\/www.vpcanada.com\\\/labelling\\\/label-selector\",\"url\":\"https:\\\/\\\/www.vpcanada.com\\\/labelling\\\/label-selector\",\"name\":\"S\u00e9lecteur d\u2019\u00e9tiquettes - Vertical peripherals\",\"isPartOf\":{\"@id\":\"https:\\\/\\\/www.vpcanada.com\\\/#website\"},\"primaryImageOfPage\":{\"@id\":\"https:\\\/\\\/www.vpcanada.com\\\/labelling\\\/label-selector#primaryimage\"},\"image\":{\"@id\":\"https:\\\/\\\/www.vpcanada.com\\\/labelling\\\/label-selector#primaryimage\"},\"thumbnailUrl\":\"https:\\\/\\\/www.vpcanada.com\\\/wp-content\\\/uploads\\\/2016\\\/02\\\/vertical-peripherique-label-selector.jpg\",\"datePublished\":\"2016-03-09T15:52:10+00:00\",\"dateModified\":\"2018-02-16T21:51:47+00:00\",\"description\":\"Vertical P\u00e9riph\u00e9riques vous offre plus de 3000 grandeurs d'\u00e9tiquettes.\",\"breadcrumb\":{\"@id\":\"https:\\\/\\\/www.vpcanada.com\\\/labelling\\\/label-selector#breadcrumb\"},\"inLanguage\":\"fr-FR\",\"potentialAction\":[{\"@type\":\"ReadAction\",\"target\":[\"https:\\\/\\\/www.vpcanada.com\\\/labelling\\\/label-selector\"]}]},{\"@type\":\"ImageObject\",\"inLanguage\":\"fr-FR\",\"@id\":\"https:\\\/\\\/www.vpcanada.com\\\/labelling\\\/label-selector#primaryimage\",\"url\":\"https:\\\/\\\/www.vpcanada.com\\\/wp-content\\\/uploads\\\/2016\\\/02\\\/vertical-peripherique-label-selector.jpg\",\"contentUrl\":\"https:\\\/\\\/www.vpcanada.com\\\/wp-content\\\/uploads\\\/2016\\\/02\\\/vertical-peripherique-label-selector.jpg\",\"width\":1200,\"height\":752},{\"@type\":\"BreadcrumbList\",\"@id\":\"https:\\\/\\\/www.vpcanada.com\\\/labelling\\\/label-selector#breadcrumb\",\"itemListElement\":[{\"@type\":\"ListItem\",\"position\":1,\"name\":\"Home\",\"item\":\"https:\\\/\\\/www.vpcanada.com\\\/fr\"},{\"@type\":\"ListItem\",\"position\":2,\"name\":\"\u00c9tiquettes\",\"item\":\"https:\\\/\\\/www.vpcanada.com\\\/labelling\"},{\"@type\":\"ListItem\",\"position\":3,\"name\":\"S\u00e9lecteur d\u2019\u00e9tiquettes\"}]},{\"@type\":\"WebSite\",\"@id\":\"https:\\\/\\\/www.vpcanada.com\\\/#website\",\"url\":\"https:\\\/\\\/www.vpcanada.com\\\/\",\"name\":\"Vertical peripherals\",\"description\":\"\",\"potentialAction\":[{\"@type\":\"SearchAction\",\"target\":{\"@type\":\"EntryPoint\",\"urlTemplate\":\"https:\\\/\\\/www.vpcanada.com\\\/?s={search_term_string}\"},\"query-input\":{\"@type\":\"PropertyValueSpecification\",\"valueRequired\":true,\"valueName\":\"search_term_string\"}}],\"inLanguage\":\"fr-FR\"}]}<\/script>\n<!-- \/ Yoast SEO plugin. -->","yoast_head_json":{"title":"S\u00e9lecteur d\u2019\u00e9tiquettes - Vertical peripherals","description":"Vertical P\u00e9riph\u00e9riques vous offre plus de 3000 grandeurs d'\u00e9tiquettes.","robots":{"index":"index","follow":"follow","max-snippet":"max-snippet:-1","max-image-preview":"max-image-preview:large","max-video-preview":"max-video-preview:-1"},"canonical":"https:\/\/www.vpcanada.com\/labelling\/label-selector","og_locale":"fr_FR","og_type":"article","og_title":"S\u00e9lecteur d\u2019\u00e9tiquettes - Vertical peripherals","og_description":"Vertical P\u00e9riph\u00e9riques vous offre plus de 3000 grandeurs d'\u00e9tiquettes.","og_url":"https:\/\/www.vpcanada.com\/labelling\/label-selector","og_site_name":"Vertical peripherals","article_modified_time":"2018-02-16T21:51:47+00:00","og_image":[{"width":1200,"height":752,"url":"https:\/\/www.vpcanada.com\/wp-content\/uploads\/2016\/02\/vertical-peripherique-label-selector.jpg","type":"image\/jpeg"}],"twitter_card":"summary_large_image","schema":{"@context":"https:\/\/schema.org","@graph":[{"@type":"WebPage","@id":"https:\/\/www.vpcanada.com\/labelling\/label-selector","url":"https:\/\/www.vpcanada.com\/labelling\/label-selector","name":"S\u00e9lecteur d\u2019\u00e9tiquettes - Vertical peripherals","isPartOf":{"@id":"https:\/\/www.vpcanada.com\/#website"},"primaryImageOfPage":{"@id":"https:\/\/www.vpcanada.com\/labelling\/label-selector#primaryimage"},"image":{"@id":"https:\/\/www.vpcanada.com\/labelling\/label-selector#primaryimage"},"thumbnailUrl":"https:\/\/www.vpcanada.com\/wp-content\/uploads\/2016\/02\/vertical-peripherique-label-selector.jpg","datePublished":"2016-03-09T15:52:10+00:00","dateModified":"2018-02-16T21:51:47+00:00","description":"Vertical P\u00e9riph\u00e9riques vous offre plus de 3000 grandeurs d'\u00e9tiquettes.","breadcrumb":{"@id":"https:\/\/www.vpcanada.com\/labelling\/label-selector#breadcrumb"},"inLanguage":"fr-FR","potentialAction":[{"@type":"ReadAction","target":["https:\/\/www.vpcanada.com\/labelling\/label-selector"]}]},{"@type":"ImageObject","inLanguage":"fr-FR","@id":"https:\/\/www.vpcanada.com\/labelling\/label-selector#primaryimage","url":"https:\/\/www.vpcanada.com\/wp-content\/uploads\/2016\/02\/vertical-peripherique-label-selector.jpg","contentUrl":"https:\/\/www.vpcanada.com\/wp-content\/uploads\/2016\/02\/vertical-peripherique-label-selector.jpg","width":1200,"height":752},{"@type":"BreadcrumbList","@id":"https:\/\/www.vpcanada.com\/labelling\/label-selector#breadcrumb","itemListElement":[{"@type":"ListItem","position":1,"name":"Home","item":"https:\/\/www.vpcanada.com\/fr"},{"@type":"ListItem","position":2,"name":"\u00c9tiquettes","item":"https:\/\/www.vpcanada.com\/labelling"},{"@type":"ListItem","position":3,"name":"S\u00e9lecteur d\u2019\u00e9tiquettes"}]},{"@type":"WebSite","@id":"https:\/\/www.vpcanada.com\/#website","url":"https:\/\/www.vpcanada.com\/","name":"Vertical peripherals","description":"","potentialAction":[{"@type":"SearchAction","target":{"@type":"EntryPoint","urlTemplate":"https:\/\/www.vpcanada.com\/?s={search_term_string}"},"query-input":{"@type":"PropertyValueSpecification","valueRequired":true,"valueName":"search_term_string"}}],"inLanguage":"fr-FR"}]}},"_links":{"self":[{"href":"https:\/\/www.vpcanada.com\/fr\/wp-json\/wp\/v2\/pages\/143","targetHints":{"allow":["GET"]}}],"collection":[{"href":"https:\/\/www.vpcanada.com\/fr\/wp-json\/wp\/v2\/pages"}],"about":[{"href":"https:\/\/www.vpcanada.com\/fr\/wp-json\/wp\/v2\/types\/page"}],"author":[{"embeddable":true,"href":"https:\/\/www.vpcanada.com\/fr\/wp-json\/wp\/v2\/users\/2"}],"replies":[{"embeddable":true,"href":"https:\/\/www.vpcanada.com\/fr\/wp-json\/wp\/v2\/comments?post=143"}],"version-history":[{"count":8,"href":"https:\/\/www.vpcanada.com\/fr\/wp-json\/wp\/v2\/pages\/143\/revisions"}],"predecessor-version":[{"id":144,"href":"https:\/\/www.vpcanada.com\/fr\/wp-json\/wp\/v2\/pages\/143\/revisions\/144"}],"up":[{"embeddable":true,"href":"https:\/\/www.vpcanada.com\/fr\/wp-json\/wp\/v2\/pages\/141"}],"wp:featuredmedia":[{"embeddable":true,"href":"https:\/\/www.vpcanada.com\/fr\/wp-json\/wp\/v2\/media\/80"}],"wp:attachment":[{"href":"https:\/\/www.vpcanada.com\/fr\/wp-json\/wp\/v2\/media?parent=143"}],"curies":[{"name":"wp","href":"https:\/\/api.w.org\/{rel}","templated":true}]}}