{"id":278,"date":"2016-02-25T16:11:55","date_gmt":"2016-02-25T21:11:55","guid":{"rendered":"http:\/\/vpcanada.com\/receipting\/?lang=fr"},"modified":"2018-02-16T15:27:39","modified_gmt":"2018-02-16T20:27:39","slug":"recus","status":"publish","type":"page","link":"https:\/\/www.vpcanada.com\/fr\/recus","title":{"rendered":"Re\u00e7us"},"content":{"rendered":"","protected":false},"excerpt":{"rendered":"","protected":false},"author":2,"featured_media":0,"parent":0,"menu_order":0,"comment_status":"closed","ping_status":"closed","template":"","meta":{"_monsterinsights_skip_tracking":false,"_monsterinsights_sitenote_active":false,"_monsterinsights_sitenote_note":"","_monsterinsights_sitenote_category":0,"footnotes":""},"class_list":["post-278","page","type-page","status-publish","hentry"],"yoast_head":"<!-- This site is optimized with the Yoast SEO plugin v27.3 - https:\/\/yoast.com\/product\/yoast-seo-wordpress\/ -->\n<title>Re\u00e7us - Vertical peripherals<\/title>\n<meta name=\"description\" content=\"Pour l&#039;impression de re\u00e7us sans BPA ou longue dur\u00e9e pour l&#039;archivage de haute qualit\u00e9. Expert dans l\u2019industrie du papier thermique depuis 1988.\" \/>\n<meta name=\"robots\" content=\"index, follow, max-snippet:-1, max-image-preview:large, max-video-preview:-1\" \/>\n<link rel=\"canonical\" href=\"https:\/\/www.vpcanada.com\/receipting\" \/>\n<meta property=\"og:locale\" content=\"fr_FR\" \/>\n<meta property=\"og:type\" content=\"article\" \/>\n<meta property=\"og:title\" content=\"Re\u00e7us - Vertical peripherals\" \/>\n<meta property=\"og:description\" content=\"Pour l&#039;impression de re\u00e7us sans BPA ou longue dur\u00e9e pour l&#039;archivage de haute qualit\u00e9. Expert dans l\u2019industrie du papier thermique depuis 1988.\" \/>\n<meta property=\"og:url\" content=\"https:\/\/www.vpcanada.com\/receipting\" \/>\n<meta property=\"og:site_name\" content=\"Vertical peripherals\" \/>\n<meta property=\"article:modified_time\" content=\"2018-02-16T20:27:39+00:00\" \/>\n<meta name=\"twitter:card\" content=\"summary_large_image\" \/>\n<script type=\"application\/ld+json\" class=\"yoast-schema-graph\">{\"@context\":\"https:\\\/\\\/schema.org\",\"@graph\":[{\"@type\":\"WebPage\",\"@id\":\"https:\\\/\\\/www.vpcanada.com\\\/receipting\",\"url\":\"https:\\\/\\\/www.vpcanada.com\\\/receipting\",\"name\":\"Re\u00e7us - Vertical peripherals\",\"isPartOf\":{\"@id\":\"https:\\\/\\\/www.vpcanada.com\\\/#website\"},\"datePublished\":\"2016-02-25T21:11:55+00:00\",\"dateModified\":\"2018-02-16T20:27:39+00:00\",\"description\":\"Pour l'impression de re\u00e7us sans BPA ou longue dur\u00e9e pour l'archivage de haute qualit\u00e9. Expert dans l\u2019industrie du papier thermique depuis 1988.\",\"breadcrumb\":{\"@id\":\"https:\\\/\\\/www.vpcanada.com\\\/receipting#breadcrumb\"},\"inLanguage\":\"fr-FR\",\"potentialAction\":[{\"@type\":\"ReadAction\",\"target\":[\"https:\\\/\\\/www.vpcanada.com\\\/receipting\"]}]},{\"@type\":\"BreadcrumbList\",\"@id\":\"https:\\\/\\\/www.vpcanada.com\\\/receipting#breadcrumb\",\"itemListElement\":[{\"@type\":\"ListItem\",\"position\":1,\"name\":\"Home\",\"item\":\"https:\\\/\\\/www.vpcanada.com\\\/fr\"},{\"@type\":\"ListItem\",\"position\":2,\"name\":\"Re\u00e7us\"}]},{\"@type\":\"WebSite\",\"@id\":\"https:\\\/\\\/www.vpcanada.com\\\/#website\",\"url\":\"https:\\\/\\\/www.vpcanada.com\\\/\",\"name\":\"Vertical peripherals\",\"description\":\"\",\"potentialAction\":[{\"@type\":\"SearchAction\",\"target\":{\"@type\":\"EntryPoint\",\"urlTemplate\":\"https:\\\/\\\/www.vpcanada.com\\\/?s={search_term_string}\"},\"query-input\":{\"@type\":\"PropertyValueSpecification\",\"valueRequired\":true,\"valueName\":\"search_term_string\"}}],\"inLanguage\":\"fr-FR\"}]}<\/script>\n<!-- \/ Yoast SEO plugin. -->","yoast_head_json":{"title":"Re\u00e7us - Vertical peripherals","description":"Pour l'impression de re\u00e7us sans BPA ou longue dur\u00e9e pour l'archivage de haute qualit\u00e9. Expert dans l\u2019industrie du papier thermique depuis 1988.","robots":{"index":"index","follow":"follow","max-snippet":"max-snippet:-1","max-image-preview":"max-image-preview:large","max-video-preview":"max-video-preview:-1"},"canonical":"https:\/\/www.vpcanada.com\/receipting","og_locale":"fr_FR","og_type":"article","og_title":"Re\u00e7us - Vertical peripherals","og_description":"Pour l'impression de re\u00e7us sans BPA ou longue dur\u00e9e pour l'archivage de haute qualit\u00e9. Expert dans l\u2019industrie du papier thermique depuis 1988.","og_url":"https:\/\/www.vpcanada.com\/receipting","og_site_name":"Vertical peripherals","article_modified_time":"2018-02-16T20:27:39+00:00","twitter_card":"summary_large_image","schema":{"@context":"https:\/\/schema.org","@graph":[{"@type":"WebPage","@id":"https:\/\/www.vpcanada.com\/receipting","url":"https:\/\/www.vpcanada.com\/receipting","name":"Re\u00e7us - Vertical peripherals","isPartOf":{"@id":"https:\/\/www.vpcanada.com\/#website"},"datePublished":"2016-02-25T21:11:55+00:00","dateModified":"2018-02-16T20:27:39+00:00","description":"Pour l'impression de re\u00e7us sans BPA ou longue dur\u00e9e pour l'archivage de haute qualit\u00e9. Expert dans l\u2019industrie du papier thermique depuis 1988.","breadcrumb":{"@id":"https:\/\/www.vpcanada.com\/receipting#breadcrumb"},"inLanguage":"fr-FR","potentialAction":[{"@type":"ReadAction","target":["https:\/\/www.vpcanada.com\/receipting"]}]},{"@type":"BreadcrumbList","@id":"https:\/\/www.vpcanada.com\/receipting#breadcrumb","itemListElement":[{"@type":"ListItem","position":1,"name":"Home","item":"https:\/\/www.vpcanada.com\/fr"},{"@type":"ListItem","position":2,"name":"Re\u00e7us"}]},{"@type":"WebSite","@id":"https:\/\/www.vpcanada.com\/#website","url":"https:\/\/www.vpcanada.com\/","name":"Vertical peripherals","description":"","potentialAction":[{"@type":"SearchAction","target":{"@type":"EntryPoint","urlTemplate":"https:\/\/www.vpcanada.com\/?s={search_term_string}"},"query-input":{"@type":"PropertyValueSpecification","valueRequired":true,"valueName":"search_term_string"}}],"inLanguage":"fr-FR"}]}},"_links":{"self":[{"href":"https:\/\/www.vpcanada.com\/fr\/wp-json\/wp\/v2\/pages\/278","targetHints":{"allow":["GET"]}}],"collection":[{"href":"https:\/\/www.vpcanada.com\/fr\/wp-json\/wp\/v2\/pages"}],"about":[{"href":"https:\/\/www.vpcanada.com\/fr\/wp-json\/wp\/v2\/types\/page"}],"author":[{"embeddable":true,"href":"https:\/\/www.vpcanada.com\/fr\/wp-json\/wp\/v2\/users\/2"}],"replies":[{"embeddable":true,"href":"https:\/\/www.vpcanada.com\/fr\/wp-json\/wp\/v2\/comments?post=278"}],"version-history":[{"count":1,"href":"https:\/\/www.vpcanada.com\/fr\/wp-json\/wp\/v2\/pages\/278\/revisions"}],"predecessor-version":[{"id":279,"href":"https:\/\/www.vpcanada.com\/fr\/wp-json\/wp\/v2\/pages\/278\/revisions\/279"}],"wp:attachment":[{"href":"https:\/\/www.vpcanada.com\/fr\/wp-json\/wp\/v2\/media?parent=278"}],"curies":[{"name":"wp","href":"https:\/\/api.w.org\/{rel}","templated":true}]}}