{"id":281,"date":"2016-02-25T16:12:05","date_gmt":"2016-02-25T21:12:05","guid":{"rendered":"http:\/\/vpcanada.com\/badging\/?lang=fr"},"modified":"2018-02-16T15:32:21","modified_gmt":"2018-02-16T20:32:21","slug":"cartes-identite","status":"publish","type":"page","link":"https:\/\/www.vpcanada.com\/fr\/cartes-identite","title":{"rendered":"Cartes d&rsquo;identit\u00e9"},"content":{"rendered":"","protected":false},"excerpt":{"rendered":"<p>Nous avons aid\u00e9 un bon nombre d\u2019entreprises a  imprimer leurs propres cartes personnalis\u00e9es.<\/p>\n","protected":false},"author":2,"featured_media":0,"parent":0,"menu_order":0,"comment_status":"closed","ping_status":"closed","template":"","meta":{"_monsterinsights_skip_tracking":false,"_monsterinsights_sitenote_active":false,"_monsterinsights_sitenote_note":"","_monsterinsights_sitenote_category":0,"footnotes":""},"class_list":["post-281","page","type-page","status-publish","hentry"],"yoast_head":"<!-- This site is optimized with the Yoast SEO plugin v27.5 - https:\/\/yoast.com\/product\/yoast-seo-wordpress\/ -->\n<title>Cartes d&#039;identit\u00e9 - Vertical peripherals<\/title>\n<meta name=\"description\" content=\"Fournisseurs de cartes plastiques de la plus haute qualit\u00e9 qui respectent ou d\u00e9passent les normes rigoureuses \u00e9tablies par les caract\u00e8res ISO 7810 \u2013 7816.\" \/>\n<meta name=\"robots\" content=\"index, follow, max-snippet:-1, max-image-preview:large, max-video-preview:-1\" \/>\n<link rel=\"canonical\" href=\"https:\/\/www.vpcanada.com\/badging\" \/>\n<meta property=\"og:locale\" content=\"fr_FR\" \/>\n<meta property=\"og:type\" content=\"article\" \/>\n<meta property=\"og:title\" content=\"Cartes d&#039;identit\u00e9 - Vertical peripherals\" \/>\n<meta property=\"og:description\" content=\"Fournisseurs de cartes plastiques de la plus haute qualit\u00e9 qui respectent ou d\u00e9passent les normes rigoureuses \u00e9tablies par les caract\u00e8res ISO 7810 \u2013 7816.\" \/>\n<meta property=\"og:url\" content=\"https:\/\/www.vpcanada.com\/badging\" \/>\n<meta property=\"og:site_name\" content=\"Vertical peripherals\" \/>\n<meta property=\"article:modified_time\" content=\"2018-02-16T20:32:21+00:00\" \/>\n<meta name=\"twitter:card\" content=\"summary_large_image\" \/>\n<script type=\"application\/ld+json\" class=\"yoast-schema-graph\">{\"@context\":\"https:\\\/\\\/schema.org\",\"@graph\":[{\"@type\":\"WebPage\",\"@id\":\"https:\\\/\\\/www.vpcanada.com\\\/badging\",\"url\":\"https:\\\/\\\/www.vpcanada.com\\\/badging\",\"name\":\"Cartes d'identit\u00e9 - Vertical peripherals\",\"isPartOf\":{\"@id\":\"https:\\\/\\\/www.vpcanada.com\\\/#website\"},\"datePublished\":\"2016-02-25T21:12:05+00:00\",\"dateModified\":\"2018-02-16T20:32:21+00:00\",\"description\":\"Fournisseurs de cartes plastiques de la plus haute qualit\u00e9 qui respectent ou d\u00e9passent les normes rigoureuses \u00e9tablies par les caract\u00e8res ISO 7810 \u2013 7816.\",\"breadcrumb\":{\"@id\":\"https:\\\/\\\/www.vpcanada.com\\\/badging#breadcrumb\"},\"inLanguage\":\"fr-FR\",\"potentialAction\":[{\"@type\":\"ReadAction\",\"target\":[\"https:\\\/\\\/www.vpcanada.com\\\/badging\"]}]},{\"@type\":\"BreadcrumbList\",\"@id\":\"https:\\\/\\\/www.vpcanada.com\\\/badging#breadcrumb\",\"itemListElement\":[{\"@type\":\"ListItem\",\"position\":1,\"name\":\"Home\",\"item\":\"https:\\\/\\\/www.vpcanada.com\\\/fr\"},{\"@type\":\"ListItem\",\"position\":2,\"name\":\"Cartes d&#8217;identit\u00e9\"}]},{\"@type\":\"WebSite\",\"@id\":\"https:\\\/\\\/www.vpcanada.com\\\/#website\",\"url\":\"https:\\\/\\\/www.vpcanada.com\\\/\",\"name\":\"Vertical peripherals\",\"description\":\"\",\"potentialAction\":[{\"@type\":\"SearchAction\",\"target\":{\"@type\":\"EntryPoint\",\"urlTemplate\":\"https:\\\/\\\/www.vpcanada.com\\\/?s={search_term_string}\"},\"query-input\":{\"@type\":\"PropertyValueSpecification\",\"valueRequired\":true,\"valueName\":\"search_term_string\"}}],\"inLanguage\":\"fr-FR\"}]}<\/script>\n<!-- \/ Yoast SEO plugin. -->","yoast_head_json":{"title":"Cartes d'identit\u00e9 - Vertical peripherals","description":"Fournisseurs de cartes plastiques de la plus haute qualit\u00e9 qui respectent ou d\u00e9passent les normes rigoureuses \u00e9tablies par les caract\u00e8res ISO 7810 \u2013 7816.","robots":{"index":"index","follow":"follow","max-snippet":"max-snippet:-1","max-image-preview":"max-image-preview:large","max-video-preview":"max-video-preview:-1"},"canonical":"https:\/\/www.vpcanada.com\/badging","og_locale":"fr_FR","og_type":"article","og_title":"Cartes d'identit\u00e9 - Vertical peripherals","og_description":"Fournisseurs de cartes plastiques de la plus haute qualit\u00e9 qui respectent ou d\u00e9passent les normes rigoureuses \u00e9tablies par les caract\u00e8res ISO 7810 \u2013 7816.","og_url":"https:\/\/www.vpcanada.com\/badging","og_site_name":"Vertical peripherals","article_modified_time":"2018-02-16T20:32:21+00:00","twitter_card":"summary_large_image","schema":{"@context":"https:\/\/schema.org","@graph":[{"@type":"WebPage","@id":"https:\/\/www.vpcanada.com\/badging","url":"https:\/\/www.vpcanada.com\/badging","name":"Cartes d'identit\u00e9 - Vertical peripherals","isPartOf":{"@id":"https:\/\/www.vpcanada.com\/#website"},"datePublished":"2016-02-25T21:12:05+00:00","dateModified":"2018-02-16T20:32:21+00:00","description":"Fournisseurs de cartes plastiques de la plus haute qualit\u00e9 qui respectent ou d\u00e9passent les normes rigoureuses \u00e9tablies par les caract\u00e8res ISO 7810 \u2013 7816.","breadcrumb":{"@id":"https:\/\/www.vpcanada.com\/badging#breadcrumb"},"inLanguage":"fr-FR","potentialAction":[{"@type":"ReadAction","target":["https:\/\/www.vpcanada.com\/badging"]}]},{"@type":"BreadcrumbList","@id":"https:\/\/www.vpcanada.com\/badging#breadcrumb","itemListElement":[{"@type":"ListItem","position":1,"name":"Home","item":"https:\/\/www.vpcanada.com\/fr"},{"@type":"ListItem","position":2,"name":"Cartes d&#8217;identit\u00e9"}]},{"@type":"WebSite","@id":"https:\/\/www.vpcanada.com\/#website","url":"https:\/\/www.vpcanada.com\/","name":"Vertical peripherals","description":"","potentialAction":[{"@type":"SearchAction","target":{"@type":"EntryPoint","urlTemplate":"https:\/\/www.vpcanada.com\/?s={search_term_string}"},"query-input":{"@type":"PropertyValueSpecification","valueRequired":true,"valueName":"search_term_string"}}],"inLanguage":"fr-FR"}]}},"_links":{"self":[{"href":"https:\/\/www.vpcanada.com\/fr\/wp-json\/wp\/v2\/pages\/281","targetHints":{"allow":["GET"]}}],"collection":[{"href":"https:\/\/www.vpcanada.com\/fr\/wp-json\/wp\/v2\/pages"}],"about":[{"href":"https:\/\/www.vpcanada.com\/fr\/wp-json\/wp\/v2\/types\/page"}],"author":[{"embeddable":true,"href":"https:\/\/www.vpcanada.com\/fr\/wp-json\/wp\/v2\/users\/2"}],"replies":[{"embeddable":true,"href":"https:\/\/www.vpcanada.com\/fr\/wp-json\/wp\/v2\/comments?post=281"}],"version-history":[{"count":2,"href":"https:\/\/www.vpcanada.com\/fr\/wp-json\/wp\/v2\/pages\/281\/revisions"}],"predecessor-version":[{"id":282,"href":"https:\/\/www.vpcanada.com\/fr\/wp-json\/wp\/v2\/pages\/281\/revisions\/282"}],"wp:attachment":[{"href":"https:\/\/www.vpcanada.com\/fr\/wp-json\/wp\/v2\/media?parent=281"}],"curies":[{"name":"wp","href":"https:\/\/api.w.org\/{rel}","templated":true}]}}