{"id":287,"date":"2016-02-25T16:13:09","date_gmt":"2016-02-25T21:13:09","guid":{"rendered":"http:\/\/vpcanada.com\/about-us\/?lang=fr"},"modified":"2018-02-16T12:28:45","modified_gmt":"2018-02-16T17:28:45","slug":"a-propos","status":"publish","type":"page","link":"https:\/\/www.vpcanada.com\/fr\/a-propos","title":{"rendered":"\u00c0 propos de nous"},"content":{"rendered":"","protected":false},"excerpt":{"rendered":"<p>Depuis 1988, Vertical P\u00e9riph\u00e9riques est votre fournisseur sp\u00e9cialis\u00e9 dans le domaine de l&rsquo;impression et de la lecture des codes barres. Nous offrons tout un \u00e9ventail pour le transfert thermique:<\/p>\n<p>\u00c9tiquettes, onglets, billets, cartes et bracelets sur mesure<br \/>\nPapier et rubans pour impression thermique (directe ou transfert), laser, jet d\u2019encre ou impact<br \/>\nCartes PVC et de proximit\u00e9, insignes et cordons personnalis\u00e9s<\/p>\n<p>Nous trouvons les p\u00e9riph\u00e9riques codes barres qui augmentent votre productivit\u00e9!<\/p>\n","protected":false},"author":2,"featured_media":85,"parent":0,"menu_order":0,"comment_status":"closed","ping_status":"closed","template":"","meta":{"_monsterinsights_skip_tracking":false,"_monsterinsights_sitenote_active":false,"_monsterinsights_sitenote_note":"","_monsterinsights_sitenote_category":0,"footnotes":""},"class_list":["post-287","page","type-page","status-publish","has-post-thumbnail","hentry"],"yoast_head":"<!-- This site is optimized with the Yoast SEO plugin v27.5 - https:\/\/yoast.com\/product\/yoast-seo-wordpress\/ -->\n<title>Vertical P\u00e9riph\u00e9riques, expert en codes-barres et en transfert thermique.<\/title>\n<meta name=\"description\" content=\"Fournisseur pour lecture de codes barres, transfert thermique: \u00c9tiquettes, onglets, billets, cartes,bracelets, papier et rubans pour impression thermique\" \/>\n<meta name=\"robots\" content=\"index, follow, max-snippet:-1, max-image-preview:large, max-video-preview:-1\" \/>\n<link rel=\"canonical\" href=\"https:\/\/www.vpcanada.com\/about-us\" \/>\n<meta property=\"og:locale\" content=\"fr_FR\" \/>\n<meta property=\"og:type\" content=\"article\" \/>\n<meta property=\"og:title\" content=\"Vertical P\u00e9riph\u00e9riques, expert en codes-barres et en transfert thermique.\" \/>\n<meta property=\"og:description\" content=\"Fournisseur pour lecture de codes barres, transfert thermique: \u00c9tiquettes, onglets, billets, cartes,bracelets, papier et rubans pour impression thermique\" \/>\n<meta property=\"og:url\" content=\"https:\/\/www.vpcanada.com\/about-us\" \/>\n<meta property=\"og:site_name\" content=\"Vertical peripherals\" \/>\n<meta property=\"article:modified_time\" content=\"2018-02-16T17:28:45+00:00\" \/>\n<meta property=\"og:image\" content=\"https:\/\/www.vpcanada.com\/wp-content\/uploads\/2016\/02\/vertical-peripherique-products.jpg\" \/>\n\t<meta property=\"og:image:width\" content=\"628\" \/>\n\t<meta property=\"og:image:height\" content=\"395\" \/>\n\t<meta property=\"og:image:type\" content=\"image\/jpeg\" \/>\n<meta name=\"twitter:card\" content=\"summary_large_image\" \/>\n<script type=\"application\/ld+json\" class=\"yoast-schema-graph\">{\"@context\":\"https:\\\/\\\/schema.org\",\"@graph\":[{\"@type\":\"WebPage\",\"@id\":\"https:\\\/\\\/www.vpcanada.com\\\/about-us\",\"url\":\"https:\\\/\\\/www.vpcanada.com\\\/about-us\",\"name\":\"Vertical P\u00e9riph\u00e9riques, expert en codes-barres et en transfert thermique.\",\"isPartOf\":{\"@id\":\"https:\\\/\\\/www.vpcanada.com\\\/#website\"},\"primaryImageOfPage\":{\"@id\":\"https:\\\/\\\/www.vpcanada.com\\\/about-us#primaryimage\"},\"image\":{\"@id\":\"https:\\\/\\\/www.vpcanada.com\\\/about-us#primaryimage\"},\"thumbnailUrl\":\"https:\\\/\\\/www.vpcanada.com\\\/wp-content\\\/uploads\\\/2016\\\/02\\\/vertical-peripherique-products.jpg\",\"datePublished\":\"2016-02-25T21:13:09+00:00\",\"dateModified\":\"2018-02-16T17:28:45+00:00\",\"description\":\"Fournisseur pour lecture de codes barres, transfert thermique: \u00c9tiquettes, onglets, billets, cartes,bracelets, papier et rubans pour impression thermique\",\"breadcrumb\":{\"@id\":\"https:\\\/\\\/www.vpcanada.com\\\/about-us#breadcrumb\"},\"inLanguage\":\"fr-FR\",\"potentialAction\":[{\"@type\":\"ReadAction\",\"target\":[\"https:\\\/\\\/www.vpcanada.com\\\/about-us\"]}]},{\"@type\":\"ImageObject\",\"inLanguage\":\"fr-FR\",\"@id\":\"https:\\\/\\\/www.vpcanada.com\\\/about-us#primaryimage\",\"url\":\"https:\\\/\\\/www.vpcanada.com\\\/wp-content\\\/uploads\\\/2016\\\/02\\\/vertical-peripherique-products.jpg\",\"contentUrl\":\"https:\\\/\\\/www.vpcanada.com\\\/wp-content\\\/uploads\\\/2016\\\/02\\\/vertical-peripherique-products.jpg\",\"width\":628,\"height\":395},{\"@type\":\"BreadcrumbList\",\"@id\":\"https:\\\/\\\/www.vpcanada.com\\\/about-us#breadcrumb\",\"itemListElement\":[{\"@type\":\"ListItem\",\"position\":1,\"name\":\"Home\",\"item\":\"https:\\\/\\\/www.vpcanada.com\\\/fr\"},{\"@type\":\"ListItem\",\"position\":2,\"name\":\"\u00c0 propos de nous\"}]},{\"@type\":\"WebSite\",\"@id\":\"https:\\\/\\\/www.vpcanada.com\\\/#website\",\"url\":\"https:\\\/\\\/www.vpcanada.com\\\/\",\"name\":\"Vertical peripherals\",\"description\":\"\",\"potentialAction\":[{\"@type\":\"SearchAction\",\"target\":{\"@type\":\"EntryPoint\",\"urlTemplate\":\"https:\\\/\\\/www.vpcanada.com\\\/?s={search_term_string}\"},\"query-input\":{\"@type\":\"PropertyValueSpecification\",\"valueRequired\":true,\"valueName\":\"search_term_string\"}}],\"inLanguage\":\"fr-FR\"}]}<\/script>\n<!-- \/ Yoast SEO plugin. -->","yoast_head_json":{"title":"Vertical P\u00e9riph\u00e9riques, expert en codes-barres et en transfert thermique.","description":"Fournisseur pour lecture de codes barres, transfert thermique: \u00c9tiquettes, onglets, billets, cartes,bracelets, papier et rubans pour impression thermique","robots":{"index":"index","follow":"follow","max-snippet":"max-snippet:-1","max-image-preview":"max-image-preview:large","max-video-preview":"max-video-preview:-1"},"canonical":"https:\/\/www.vpcanada.com\/about-us","og_locale":"fr_FR","og_type":"article","og_title":"Vertical P\u00e9riph\u00e9riques, expert en codes-barres et en transfert thermique.","og_description":"Fournisseur pour lecture de codes barres, transfert thermique: \u00c9tiquettes, onglets, billets, cartes,bracelets, papier et rubans pour impression thermique","og_url":"https:\/\/www.vpcanada.com\/about-us","og_site_name":"Vertical peripherals","article_modified_time":"2018-02-16T17:28:45+00:00","og_image":[{"width":628,"height":395,"url":"https:\/\/www.vpcanada.com\/wp-content\/uploads\/2016\/02\/vertical-peripherique-products.jpg","type":"image\/jpeg"}],"twitter_card":"summary_large_image","schema":{"@context":"https:\/\/schema.org","@graph":[{"@type":"WebPage","@id":"https:\/\/www.vpcanada.com\/about-us","url":"https:\/\/www.vpcanada.com\/about-us","name":"Vertical P\u00e9riph\u00e9riques, expert en codes-barres et en transfert thermique.","isPartOf":{"@id":"https:\/\/www.vpcanada.com\/#website"},"primaryImageOfPage":{"@id":"https:\/\/www.vpcanada.com\/about-us#primaryimage"},"image":{"@id":"https:\/\/www.vpcanada.com\/about-us#primaryimage"},"thumbnailUrl":"https:\/\/www.vpcanada.com\/wp-content\/uploads\/2016\/02\/vertical-peripherique-products.jpg","datePublished":"2016-02-25T21:13:09+00:00","dateModified":"2018-02-16T17:28:45+00:00","description":"Fournisseur pour lecture de codes barres, transfert thermique: \u00c9tiquettes, onglets, billets, cartes,bracelets, papier et rubans pour impression thermique","breadcrumb":{"@id":"https:\/\/www.vpcanada.com\/about-us#breadcrumb"},"inLanguage":"fr-FR","potentialAction":[{"@type":"ReadAction","target":["https:\/\/www.vpcanada.com\/about-us"]}]},{"@type":"ImageObject","inLanguage":"fr-FR","@id":"https:\/\/www.vpcanada.com\/about-us#primaryimage","url":"https:\/\/www.vpcanada.com\/wp-content\/uploads\/2016\/02\/vertical-peripherique-products.jpg","contentUrl":"https:\/\/www.vpcanada.com\/wp-content\/uploads\/2016\/02\/vertical-peripherique-products.jpg","width":628,"height":395},{"@type":"BreadcrumbList","@id":"https:\/\/www.vpcanada.com\/about-us#breadcrumb","itemListElement":[{"@type":"ListItem","position":1,"name":"Home","item":"https:\/\/www.vpcanada.com\/fr"},{"@type":"ListItem","position":2,"name":"\u00c0 propos de nous"}]},{"@type":"WebSite","@id":"https:\/\/www.vpcanada.com\/#website","url":"https:\/\/www.vpcanada.com\/","name":"Vertical peripherals","description":"","potentialAction":[{"@type":"SearchAction","target":{"@type":"EntryPoint","urlTemplate":"https:\/\/www.vpcanada.com\/?s={search_term_string}"},"query-input":{"@type":"PropertyValueSpecification","valueRequired":true,"valueName":"search_term_string"}}],"inLanguage":"fr-FR"}]}},"_links":{"self":[{"href":"https:\/\/www.vpcanada.com\/fr\/wp-json\/wp\/v2\/pages\/287","targetHints":{"allow":["GET"]}}],"collection":[{"href":"https:\/\/www.vpcanada.com\/fr\/wp-json\/wp\/v2\/pages"}],"about":[{"href":"https:\/\/www.vpcanada.com\/fr\/wp-json\/wp\/v2\/types\/page"}],"author":[{"embeddable":true,"href":"https:\/\/www.vpcanada.com\/fr\/wp-json\/wp\/v2\/users\/2"}],"replies":[{"embeddable":true,"href":"https:\/\/www.vpcanada.com\/fr\/wp-json\/wp\/v2\/comments?post=287"}],"version-history":[{"count":3,"href":"https:\/\/www.vpcanada.com\/fr\/wp-json\/wp\/v2\/pages\/287\/revisions"}],"predecessor-version":[{"id":288,"href":"https:\/\/www.vpcanada.com\/fr\/wp-json\/wp\/v2\/pages\/287\/revisions\/288"}],"wp:featuredmedia":[{"embeddable":true,"href":"https:\/\/www.vpcanada.com\/fr\/wp-json\/wp\/v2\/media\/85"}],"wp:attachment":[{"href":"https:\/\/www.vpcanada.com\/fr\/wp-json\/wp\/v2\/media?parent=287"}],"curies":[{"name":"wp","href":"https:\/\/api.w.org\/{rel}","templated":true}]}}