{"id":322,"date":"2016-03-07T13:38:33","date_gmt":"2016-03-07T18:38:33","guid":{"rendered":"http:\/\/vpcanada.com\/etiquettes\/stock-thermal-labels\/?lang=fr"},"modified":"2018-02-16T16:36:54","modified_gmt":"2018-02-16T21:36:54","slug":"etiquettes-thermiques-en-stock","status":"publish","type":"page","link":"https:\/\/www.vpcanada.com\/fr\/etiquettes\/etiquettes-thermiques-en-stock","title":{"rendered":"\u00c9tiquettes thermiques en stock"},"content":{"rendered":"<p>Les \u00e9tiquettes thermiques contiennent de l&rsquo;encre qui appara\u00eet gr\u00e2ce \u00e0 la chaleur produite par la t\u00eate d&rsquo;impression de l&rsquo;imprimante. Il n&rsquo;est donc pas n\u00e9cessaire d&rsquo;utiliser de ruban encreur avec ces \u00e9tiquettes.<\/p>\n<p>Pour une livraison rapide veuillez choisir parmi les grandeurs que nous avons en stock.<\/p>\n","protected":false},"excerpt":{"rendered":"<p>Pour une livraison rapide choisir parmi la grandeur que nous avons sur la tablette.<\/p>\n","protected":false},"author":2,"featured_media":88,"parent":141,"menu_order":3,"comment_status":"closed","ping_status":"closed","template":"","meta":{"_monsterinsights_skip_tracking":false,"_monsterinsights_sitenote_active":false,"_monsterinsights_sitenote_note":"","_monsterinsights_sitenote_category":0,"footnotes":""},"class_list":["post-322","page","type-page","status-publish","has-post-thumbnail","hentry"],"yoast_head":"<!-- This site is optimized with the Yoast SEO plugin v27.3 - https:\/\/yoast.com\/product\/yoast-seo-wordpress\/ -->\n<title>\u00c9tiquettes thermiques en stock - Vertical peripherals<\/title>\n<meta name=\"description\" content=\"\u00c9tiquettes papier thermique rev\u00eatues, pour toutes les imprimantes de bureaux, pour une impression de haute qualit\u00e9 \u00e0 un prix r\u00e9duit\" \/>\n<meta name=\"robots\" content=\"index, follow, max-snippet:-1, max-image-preview:large, max-video-preview:-1\" \/>\n<link rel=\"canonical\" href=\"https:\/\/www.vpcanada.com\/labelling\/stock-thermal-labels\" \/>\n<meta property=\"og:locale\" content=\"fr_FR\" \/>\n<meta property=\"og:type\" content=\"article\" \/>\n<meta property=\"og:title\" content=\"\u00c9tiquettes thermiques en stock - Vertical peripherals\" \/>\n<meta property=\"og:description\" content=\"\u00c9tiquettes papier thermique rev\u00eatues, pour toutes les imprimantes de bureaux, pour une impression de haute qualit\u00e9 \u00e0 un prix r\u00e9duit\" \/>\n<meta property=\"og:url\" content=\"https:\/\/www.vpcanada.com\/labelling\/stock-thermal-labels\" \/>\n<meta property=\"og:site_name\" content=\"Vertical peripherals\" \/>\n<meta property=\"article:modified_time\" content=\"2018-02-16T21:36:54+00:00\" \/>\n<meta property=\"og:image\" content=\"https:\/\/www.vpcanada.com\/wp-content\/uploads\/2016\/02\/vertical-peripherique-thermal-labels.jpg\" \/>\n\t<meta property=\"og:image:width\" content=\"1200\" \/>\n\t<meta property=\"og:image:height\" content=\"752\" \/>\n\t<meta property=\"og:image:type\" content=\"image\/jpeg\" \/>\n<meta name=\"twitter:card\" content=\"summary_large_image\" \/>\n<script type=\"application\/ld+json\" class=\"yoast-schema-graph\">{\"@context\":\"https:\\\/\\\/schema.org\",\"@graph\":[{\"@type\":\"WebPage\",\"@id\":\"https:\\\/\\\/www.vpcanada.com\\\/labelling\\\/stock-thermal-labels\",\"url\":\"https:\\\/\\\/www.vpcanada.com\\\/labelling\\\/stock-thermal-labels\",\"name\":\"\u00c9tiquettes thermiques en stock - Vertical peripherals\",\"isPartOf\":{\"@id\":\"https:\\\/\\\/www.vpcanada.com\\\/#website\"},\"primaryImageOfPage\":{\"@id\":\"https:\\\/\\\/www.vpcanada.com\\\/labelling\\\/stock-thermal-labels#primaryimage\"},\"image\":{\"@id\":\"https:\\\/\\\/www.vpcanada.com\\\/labelling\\\/stock-thermal-labels#primaryimage\"},\"thumbnailUrl\":\"https:\\\/\\\/www.vpcanada.com\\\/wp-content\\\/uploads\\\/2016\\\/02\\\/vertical-peripherique-thermal-labels.jpg\",\"datePublished\":\"2016-03-07T18:38:33+00:00\",\"dateModified\":\"2018-02-16T21:36:54+00:00\",\"description\":\"\u00c9tiquettes papier thermique rev\u00eatues, pour toutes les imprimantes de bureaux, pour une impression de haute qualit\u00e9 \u00e0 un prix r\u00e9duit\",\"breadcrumb\":{\"@id\":\"https:\\\/\\\/www.vpcanada.com\\\/labelling\\\/stock-thermal-labels#breadcrumb\"},\"inLanguage\":\"fr-FR\",\"potentialAction\":[{\"@type\":\"ReadAction\",\"target\":[\"https:\\\/\\\/www.vpcanada.com\\\/labelling\\\/stock-thermal-labels\"]}]},{\"@type\":\"ImageObject\",\"inLanguage\":\"fr-FR\",\"@id\":\"https:\\\/\\\/www.vpcanada.com\\\/labelling\\\/stock-thermal-labels#primaryimage\",\"url\":\"https:\\\/\\\/www.vpcanada.com\\\/wp-content\\\/uploads\\\/2016\\\/02\\\/vertical-peripherique-thermal-labels.jpg\",\"contentUrl\":\"https:\\\/\\\/www.vpcanada.com\\\/wp-content\\\/uploads\\\/2016\\\/02\\\/vertical-peripherique-thermal-labels.jpg\",\"width\":1200,\"height\":752},{\"@type\":\"BreadcrumbList\",\"@id\":\"https:\\\/\\\/www.vpcanada.com\\\/labelling\\\/stock-thermal-labels#breadcrumb\",\"itemListElement\":[{\"@type\":\"ListItem\",\"position\":1,\"name\":\"Home\",\"item\":\"https:\\\/\\\/www.vpcanada.com\\\/fr\"},{\"@type\":\"ListItem\",\"position\":2,\"name\":\"\u00c9tiquettes\",\"item\":\"https:\\\/\\\/www.vpcanada.com\\\/labelling\"},{\"@type\":\"ListItem\",\"position\":3,\"name\":\"\u00c9tiquettes thermiques en stock\"}]},{\"@type\":\"WebSite\",\"@id\":\"https:\\\/\\\/www.vpcanada.com\\\/#website\",\"url\":\"https:\\\/\\\/www.vpcanada.com\\\/\",\"name\":\"Vertical peripherals\",\"description\":\"\",\"potentialAction\":[{\"@type\":\"SearchAction\",\"target\":{\"@type\":\"EntryPoint\",\"urlTemplate\":\"https:\\\/\\\/www.vpcanada.com\\\/?s={search_term_string}\"},\"query-input\":{\"@type\":\"PropertyValueSpecification\",\"valueRequired\":true,\"valueName\":\"search_term_string\"}}],\"inLanguage\":\"fr-FR\"}]}<\/script>\n<!-- \/ Yoast SEO plugin. -->","yoast_head_json":{"title":"\u00c9tiquettes thermiques en stock - Vertical peripherals","description":"\u00c9tiquettes papier thermique rev\u00eatues, pour toutes les imprimantes de bureaux, pour une impression de haute qualit\u00e9 \u00e0 un prix r\u00e9duit","robots":{"index":"index","follow":"follow","max-snippet":"max-snippet:-1","max-image-preview":"max-image-preview:large","max-video-preview":"max-video-preview:-1"},"canonical":"https:\/\/www.vpcanada.com\/labelling\/stock-thermal-labels","og_locale":"fr_FR","og_type":"article","og_title":"\u00c9tiquettes thermiques en stock - Vertical peripherals","og_description":"\u00c9tiquettes papier thermique rev\u00eatues, pour toutes les imprimantes de bureaux, pour une impression de haute qualit\u00e9 \u00e0 un prix r\u00e9duit","og_url":"https:\/\/www.vpcanada.com\/labelling\/stock-thermal-labels","og_site_name":"Vertical peripherals","article_modified_time":"2018-02-16T21:36:54+00:00","og_image":[{"width":1200,"height":752,"url":"https:\/\/www.vpcanada.com\/wp-content\/uploads\/2016\/02\/vertical-peripherique-thermal-labels.jpg","type":"image\/jpeg"}],"twitter_card":"summary_large_image","schema":{"@context":"https:\/\/schema.org","@graph":[{"@type":"WebPage","@id":"https:\/\/www.vpcanada.com\/labelling\/stock-thermal-labels","url":"https:\/\/www.vpcanada.com\/labelling\/stock-thermal-labels","name":"\u00c9tiquettes thermiques en stock - Vertical peripherals","isPartOf":{"@id":"https:\/\/www.vpcanada.com\/#website"},"primaryImageOfPage":{"@id":"https:\/\/www.vpcanada.com\/labelling\/stock-thermal-labels#primaryimage"},"image":{"@id":"https:\/\/www.vpcanada.com\/labelling\/stock-thermal-labels#primaryimage"},"thumbnailUrl":"https:\/\/www.vpcanada.com\/wp-content\/uploads\/2016\/02\/vertical-peripherique-thermal-labels.jpg","datePublished":"2016-03-07T18:38:33+00:00","dateModified":"2018-02-16T21:36:54+00:00","description":"\u00c9tiquettes papier thermique rev\u00eatues, pour toutes les imprimantes de bureaux, pour une impression de haute qualit\u00e9 \u00e0 un prix r\u00e9duit","breadcrumb":{"@id":"https:\/\/www.vpcanada.com\/labelling\/stock-thermal-labels#breadcrumb"},"inLanguage":"fr-FR","potentialAction":[{"@type":"ReadAction","target":["https:\/\/www.vpcanada.com\/labelling\/stock-thermal-labels"]}]},{"@type":"ImageObject","inLanguage":"fr-FR","@id":"https:\/\/www.vpcanada.com\/labelling\/stock-thermal-labels#primaryimage","url":"https:\/\/www.vpcanada.com\/wp-content\/uploads\/2016\/02\/vertical-peripherique-thermal-labels.jpg","contentUrl":"https:\/\/www.vpcanada.com\/wp-content\/uploads\/2016\/02\/vertical-peripherique-thermal-labels.jpg","width":1200,"height":752},{"@type":"BreadcrumbList","@id":"https:\/\/www.vpcanada.com\/labelling\/stock-thermal-labels#breadcrumb","itemListElement":[{"@type":"ListItem","position":1,"name":"Home","item":"https:\/\/www.vpcanada.com\/fr"},{"@type":"ListItem","position":2,"name":"\u00c9tiquettes","item":"https:\/\/www.vpcanada.com\/labelling"},{"@type":"ListItem","position":3,"name":"\u00c9tiquettes thermiques en stock"}]},{"@type":"WebSite","@id":"https:\/\/www.vpcanada.com\/#website","url":"https:\/\/www.vpcanada.com\/","name":"Vertical peripherals","description":"","potentialAction":[{"@type":"SearchAction","target":{"@type":"EntryPoint","urlTemplate":"https:\/\/www.vpcanada.com\/?s={search_term_string}"},"query-input":{"@type":"PropertyValueSpecification","valueRequired":true,"valueName":"search_term_string"}}],"inLanguage":"fr-FR"}]}},"_links":{"self":[{"href":"https:\/\/www.vpcanada.com\/fr\/wp-json\/wp\/v2\/pages\/322","targetHints":{"allow":["GET"]}}],"collection":[{"href":"https:\/\/www.vpcanada.com\/fr\/wp-json\/wp\/v2\/pages"}],"about":[{"href":"https:\/\/www.vpcanada.com\/fr\/wp-json\/wp\/v2\/types\/page"}],"author":[{"embeddable":true,"href":"https:\/\/www.vpcanada.com\/fr\/wp-json\/wp\/v2\/users\/2"}],"replies":[{"embeddable":true,"href":"https:\/\/www.vpcanada.com\/fr\/wp-json\/wp\/v2\/comments?post=322"}],"version-history":[{"count":6,"href":"https:\/\/www.vpcanada.com\/fr\/wp-json\/wp\/v2\/pages\/322\/revisions"}],"predecessor-version":[{"id":323,"href":"https:\/\/www.vpcanada.com\/fr\/wp-json\/wp\/v2\/pages\/322\/revisions\/323"}],"up":[{"embeddable":true,"href":"https:\/\/www.vpcanada.com\/fr\/wp-json\/wp\/v2\/pages\/141"}],"wp:featuredmedia":[{"embeddable":true,"href":"https:\/\/www.vpcanada.com\/fr\/wp-json\/wp\/v2\/media\/88"}],"wp:attachment":[{"href":"https:\/\/www.vpcanada.com\/fr\/wp-json\/wp\/v2\/media?parent=322"}],"curies":[{"name":"wp","href":"https:\/\/api.w.org\/{rel}","templated":true}]}}