{"id":327,"date":"2016-03-07T13:39:15","date_gmt":"2016-03-07T18:39:15","guid":{"rendered":"http:\/\/vpcanada.com\/etiquettes\/thermal-ribbons\/?lang=fr"},"modified":"2018-02-16T16:38:03","modified_gmt":"2018-02-16T21:38:03","slug":"rubans-thermiques-en-stock","status":"publish","type":"page","link":"https:\/\/www.vpcanada.com\/fr\/etiquettes\/rubans-thermiques-en-stock","title":{"rendered":"Rubans thermiques en stock"},"content":{"rendered":"<p>Rubans thermiques en stock pour tous les mod\u00e8les d\u2019imprimantes et pour tous les types de papier.<\/p>\n<p>Le ruban transfert thermique est un film polyester de base sur lequel sont enduites diff\u00e9rentes couches. Le ruban thermique se transf\u00e8re sur une \u00e9tiquette gr\u00e2ce \u00e0 la chaleur\u00a0de l&rsquo;imprimante thermique.<\/p>\n","protected":false},"excerpt":{"rendered":"<p>Rubans thermiques en stock pour tous les mod\u00e8les d\u2019imprimantes et pour tous types de papiers.<\/p>\n","protected":false},"author":2,"featured_media":89,"parent":141,"menu_order":4,"comment_status":"closed","ping_status":"closed","template":"","meta":{"_monsterinsights_skip_tracking":false,"_monsterinsights_sitenote_active":false,"_monsterinsights_sitenote_note":"","_monsterinsights_sitenote_category":0,"footnotes":""},"class_list":["post-327","page","type-page","status-publish","has-post-thumbnail","hentry"],"yoast_head":"<!-- This site is optimized with the Yoast SEO plugin v27.5 - https:\/\/yoast.com\/product\/yoast-seo-wordpress\/ -->\n<title>Rubans thermiques pour tous les mod\u00e8les d&#039;imprimantes<\/title>\n<meta name=\"description\" content=\"Rubans thermiques disponibles pour tous les mod\u00e8les d\u2019imprimantes et pour tous les types de papiers. Rubans avec une base de cire, de cire et r\u00e9sine.\" \/>\n<meta name=\"robots\" content=\"index, follow, max-snippet:-1, max-image-preview:large, max-video-preview:-1\" \/>\n<link rel=\"canonical\" href=\"https:\/\/www.vpcanada.com\/labelling\/thermal-ribbons\" \/>\n<meta property=\"og:locale\" content=\"fr_FR\" \/>\n<meta property=\"og:type\" content=\"article\" \/>\n<meta property=\"og:title\" content=\"Rubans thermiques pour tous les mod\u00e8les d&#039;imprimantes\" \/>\n<meta property=\"og:description\" content=\"Rubans thermiques disponibles pour tous les mod\u00e8les d\u2019imprimantes et pour tous les types de papiers. Rubans avec une base de cire, de cire et r\u00e9sine.\" \/>\n<meta property=\"og:url\" content=\"https:\/\/www.vpcanada.com\/labelling\/thermal-ribbons\" \/>\n<meta property=\"og:site_name\" content=\"Vertical peripherals\" \/>\n<meta property=\"article:modified_time\" content=\"2018-02-16T21:38:03+00:00\" \/>\n<meta property=\"og:image\" content=\"https:\/\/www.vpcanada.com\/wp-content\/uploads\/2016\/02\/vertical-peripherique-thermal-ribbons.jpg\" \/>\n\t<meta property=\"og:image:width\" content=\"1200\" \/>\n\t<meta property=\"og:image:height\" content=\"752\" \/>\n\t<meta property=\"og:image:type\" content=\"image\/jpeg\" \/>\n<meta name=\"twitter:card\" content=\"summary_large_image\" \/>\n<script type=\"application\/ld+json\" class=\"yoast-schema-graph\">{\"@context\":\"https:\\\/\\\/schema.org\",\"@graph\":[{\"@type\":\"WebPage\",\"@id\":\"https:\\\/\\\/www.vpcanada.com\\\/labelling\\\/thermal-ribbons\",\"url\":\"https:\\\/\\\/www.vpcanada.com\\\/labelling\\\/thermal-ribbons\",\"name\":\"Rubans thermiques pour tous les mod\u00e8les d'imprimantes\",\"isPartOf\":{\"@id\":\"https:\\\/\\\/www.vpcanada.com\\\/#website\"},\"primaryImageOfPage\":{\"@id\":\"https:\\\/\\\/www.vpcanada.com\\\/labelling\\\/thermal-ribbons#primaryimage\"},\"image\":{\"@id\":\"https:\\\/\\\/www.vpcanada.com\\\/labelling\\\/thermal-ribbons#primaryimage\"},\"thumbnailUrl\":\"https:\\\/\\\/www.vpcanada.com\\\/wp-content\\\/uploads\\\/2016\\\/02\\\/vertical-peripherique-thermal-ribbons.jpg\",\"datePublished\":\"2016-03-07T18:39:15+00:00\",\"dateModified\":\"2018-02-16T21:38:03+00:00\",\"description\":\"Rubans thermiques disponibles pour tous les mod\u00e8les d\u2019imprimantes et pour tous les types de papiers. Rubans avec une base de cire, de cire et r\u00e9sine.\",\"breadcrumb\":{\"@id\":\"https:\\\/\\\/www.vpcanada.com\\\/labelling\\\/thermal-ribbons#breadcrumb\"},\"inLanguage\":\"fr-FR\",\"potentialAction\":[{\"@type\":\"ReadAction\",\"target\":[\"https:\\\/\\\/www.vpcanada.com\\\/labelling\\\/thermal-ribbons\"]}]},{\"@type\":\"ImageObject\",\"inLanguage\":\"fr-FR\",\"@id\":\"https:\\\/\\\/www.vpcanada.com\\\/labelling\\\/thermal-ribbons#primaryimage\",\"url\":\"https:\\\/\\\/www.vpcanada.com\\\/wp-content\\\/uploads\\\/2016\\\/02\\\/vertical-peripherique-thermal-ribbons.jpg\",\"contentUrl\":\"https:\\\/\\\/www.vpcanada.com\\\/wp-content\\\/uploads\\\/2016\\\/02\\\/vertical-peripherique-thermal-ribbons.jpg\",\"width\":1200,\"height\":752},{\"@type\":\"BreadcrumbList\",\"@id\":\"https:\\\/\\\/www.vpcanada.com\\\/labelling\\\/thermal-ribbons#breadcrumb\",\"itemListElement\":[{\"@type\":\"ListItem\",\"position\":1,\"name\":\"Home\",\"item\":\"https:\\\/\\\/www.vpcanada.com\\\/fr\"},{\"@type\":\"ListItem\",\"position\":2,\"name\":\"\u00c9tiquettes\",\"item\":\"https:\\\/\\\/www.vpcanada.com\\\/labelling\"},{\"@type\":\"ListItem\",\"position\":3,\"name\":\"Rubans thermiques en stock\"}]},{\"@type\":\"WebSite\",\"@id\":\"https:\\\/\\\/www.vpcanada.com\\\/#website\",\"url\":\"https:\\\/\\\/www.vpcanada.com\\\/\",\"name\":\"Vertical peripherals\",\"description\":\"\",\"potentialAction\":[{\"@type\":\"SearchAction\",\"target\":{\"@type\":\"EntryPoint\",\"urlTemplate\":\"https:\\\/\\\/www.vpcanada.com\\\/?s={search_term_string}\"},\"query-input\":{\"@type\":\"PropertyValueSpecification\",\"valueRequired\":true,\"valueName\":\"search_term_string\"}}],\"inLanguage\":\"fr-FR\"}]}<\/script>\n<!-- \/ Yoast SEO plugin. -->","yoast_head_json":{"title":"Rubans thermiques pour tous les mod\u00e8les d'imprimantes","description":"Rubans thermiques disponibles pour tous les mod\u00e8les d\u2019imprimantes et pour tous les types de papiers. Rubans avec une base de cire, de cire et r\u00e9sine.","robots":{"index":"index","follow":"follow","max-snippet":"max-snippet:-1","max-image-preview":"max-image-preview:large","max-video-preview":"max-video-preview:-1"},"canonical":"https:\/\/www.vpcanada.com\/labelling\/thermal-ribbons","og_locale":"fr_FR","og_type":"article","og_title":"Rubans thermiques pour tous les mod\u00e8les d'imprimantes","og_description":"Rubans thermiques disponibles pour tous les mod\u00e8les d\u2019imprimantes et pour tous les types de papiers. Rubans avec une base de cire, de cire et r\u00e9sine.","og_url":"https:\/\/www.vpcanada.com\/labelling\/thermal-ribbons","og_site_name":"Vertical peripherals","article_modified_time":"2018-02-16T21:38:03+00:00","og_image":[{"width":1200,"height":752,"url":"https:\/\/www.vpcanada.com\/wp-content\/uploads\/2016\/02\/vertical-peripherique-thermal-ribbons.jpg","type":"image\/jpeg"}],"twitter_card":"summary_large_image","schema":{"@context":"https:\/\/schema.org","@graph":[{"@type":"WebPage","@id":"https:\/\/www.vpcanada.com\/labelling\/thermal-ribbons","url":"https:\/\/www.vpcanada.com\/labelling\/thermal-ribbons","name":"Rubans thermiques pour tous les mod\u00e8les d'imprimantes","isPartOf":{"@id":"https:\/\/www.vpcanada.com\/#website"},"primaryImageOfPage":{"@id":"https:\/\/www.vpcanada.com\/labelling\/thermal-ribbons#primaryimage"},"image":{"@id":"https:\/\/www.vpcanada.com\/labelling\/thermal-ribbons#primaryimage"},"thumbnailUrl":"https:\/\/www.vpcanada.com\/wp-content\/uploads\/2016\/02\/vertical-peripherique-thermal-ribbons.jpg","datePublished":"2016-03-07T18:39:15+00:00","dateModified":"2018-02-16T21:38:03+00:00","description":"Rubans thermiques disponibles pour tous les mod\u00e8les d\u2019imprimantes et pour tous les types de papiers. Rubans avec une base de cire, de cire et r\u00e9sine.","breadcrumb":{"@id":"https:\/\/www.vpcanada.com\/labelling\/thermal-ribbons#breadcrumb"},"inLanguage":"fr-FR","potentialAction":[{"@type":"ReadAction","target":["https:\/\/www.vpcanada.com\/labelling\/thermal-ribbons"]}]},{"@type":"ImageObject","inLanguage":"fr-FR","@id":"https:\/\/www.vpcanada.com\/labelling\/thermal-ribbons#primaryimage","url":"https:\/\/www.vpcanada.com\/wp-content\/uploads\/2016\/02\/vertical-peripherique-thermal-ribbons.jpg","contentUrl":"https:\/\/www.vpcanada.com\/wp-content\/uploads\/2016\/02\/vertical-peripherique-thermal-ribbons.jpg","width":1200,"height":752},{"@type":"BreadcrumbList","@id":"https:\/\/www.vpcanada.com\/labelling\/thermal-ribbons#breadcrumb","itemListElement":[{"@type":"ListItem","position":1,"name":"Home","item":"https:\/\/www.vpcanada.com\/fr"},{"@type":"ListItem","position":2,"name":"\u00c9tiquettes","item":"https:\/\/www.vpcanada.com\/labelling"},{"@type":"ListItem","position":3,"name":"Rubans thermiques en stock"}]},{"@type":"WebSite","@id":"https:\/\/www.vpcanada.com\/#website","url":"https:\/\/www.vpcanada.com\/","name":"Vertical peripherals","description":"","potentialAction":[{"@type":"SearchAction","target":{"@type":"EntryPoint","urlTemplate":"https:\/\/www.vpcanada.com\/?s={search_term_string}"},"query-input":{"@type":"PropertyValueSpecification","valueRequired":true,"valueName":"search_term_string"}}],"inLanguage":"fr-FR"}]}},"_links":{"self":[{"href":"https:\/\/www.vpcanada.com\/fr\/wp-json\/wp\/v2\/pages\/327","targetHints":{"allow":["GET"]}}],"collection":[{"href":"https:\/\/www.vpcanada.com\/fr\/wp-json\/wp\/v2\/pages"}],"about":[{"href":"https:\/\/www.vpcanada.com\/fr\/wp-json\/wp\/v2\/types\/page"}],"author":[{"embeddable":true,"href":"https:\/\/www.vpcanada.com\/fr\/wp-json\/wp\/v2\/users\/2"}],"replies":[{"embeddable":true,"href":"https:\/\/www.vpcanada.com\/fr\/wp-json\/wp\/v2\/comments?post=327"}],"version-history":[{"count":6,"href":"https:\/\/www.vpcanada.com\/fr\/wp-json\/wp\/v2\/pages\/327\/revisions"}],"predecessor-version":[{"id":328,"href":"https:\/\/www.vpcanada.com\/fr\/wp-json\/wp\/v2\/pages\/327\/revisions\/328"}],"up":[{"embeddable":true,"href":"https:\/\/www.vpcanada.com\/fr\/wp-json\/wp\/v2\/pages\/141"}],"wp:featuredmedia":[{"embeddable":true,"href":"https:\/\/www.vpcanada.com\/fr\/wp-json\/wp\/v2\/media\/89"}],"wp:attachment":[{"href":"https:\/\/www.vpcanada.com\/fr\/wp-json\/wp\/v2\/media?parent=327"}],"curies":[{"name":"wp","href":"https:\/\/api.w.org\/{rel}","templated":true}]}}