{"id":333,"date":"2016-03-07T13:39:56","date_gmt":"2016-03-07T18:39:56","guid":{"rendered":"http:\/\/vpcanada.com\/etiquettes\/custom-laser-sheets\/?lang=fr"},"modified":"2018-02-16T16:40:58","modified_gmt":"2018-02-16T21:40:58","slug":"feuilles-detiquettes-personnalisees","status":"publish","type":"page","link":"https:\/\/www.vpcanada.com\/fr\/etiquettes\/feuilles-detiquettes-personnalisees","title":{"rendered":"Feuilles d\u2019\u00e9tiquettes personnalis\u00e9es"},"content":{"rendered":"<p>Pour une solution \u00e9conomique, Vertical P\u00e9riph\u00e9riques vous offrent une multitude de feuilles d&rsquo;\u00e9tiquettes pour des impressions personnalis\u00e9es.<br \/>\nVeuillez choisir parmi les grandeurs que nous avons.<\/p>\n","protected":false},"excerpt":{"rendered":"<p>Pour une solution \u00e9conomique, choisissez parmi la grandeur que nous avons sur la matrice.<\/p>\n","protected":false},"author":2,"featured_media":78,"parent":141,"menu_order":5,"comment_status":"closed","ping_status":"closed","template":"","meta":{"_monsterinsights_skip_tracking":false,"_monsterinsights_sitenote_active":false,"_monsterinsights_sitenote_note":"","_monsterinsights_sitenote_category":0,"footnotes":""},"class_list":["post-333","page","type-page","status-publish","has-post-thumbnail","hentry"],"yoast_head":"<!-- This site is optimized with the Yoast SEO plugin v27.3 - https:\/\/yoast.com\/product\/yoast-seo-wordpress\/ -->\n<title>Feuilles d\u2019\u00e9tiquettes personnalis\u00e9es - Vertical peripherals<\/title>\n<meta name=\"description\" content=\"Pour une solution \u00e9conomique, Vertical P\u00e9riph\u00e9riques vous offrent une multitude de feuilles d&#039;\u00e9tiquettes pour des impressions personnalis\u00e9es.\" \/>\n<meta name=\"robots\" content=\"index, follow, max-snippet:-1, max-image-preview:large, max-video-preview:-1\" \/>\n<link rel=\"canonical\" href=\"https:\/\/www.vpcanada.com\/labelling\/custom-laser-sheets\" \/>\n<meta property=\"og:locale\" content=\"fr_FR\" \/>\n<meta property=\"og:type\" content=\"article\" \/>\n<meta property=\"og:title\" content=\"Feuilles d\u2019\u00e9tiquettes personnalis\u00e9es - Vertical peripherals\" \/>\n<meta property=\"og:description\" content=\"Pour une solution \u00e9conomique, Vertical P\u00e9riph\u00e9riques vous offrent une multitude de feuilles d&#039;\u00e9tiquettes pour des impressions personnalis\u00e9es.\" \/>\n<meta property=\"og:url\" content=\"https:\/\/www.vpcanada.com\/labelling\/custom-laser-sheets\" \/>\n<meta property=\"og:site_name\" content=\"Vertical peripherals\" \/>\n<meta property=\"article:modified_time\" content=\"2018-02-16T21:40:58+00:00\" \/>\n<meta property=\"og:image\" content=\"https:\/\/www.vpcanada.com\/wp-content\/uploads\/2016\/02\/vertical-peripherique-custom-laser.jpg\" \/>\n\t<meta property=\"og:image:width\" content=\"1200\" \/>\n\t<meta property=\"og:image:height\" content=\"752\" \/>\n\t<meta property=\"og:image:type\" content=\"image\/jpeg\" \/>\n<meta name=\"twitter:card\" content=\"summary_large_image\" \/>\n<script type=\"application\/ld+json\" class=\"yoast-schema-graph\">{\"@context\":\"https:\\\/\\\/schema.org\",\"@graph\":[{\"@type\":\"WebPage\",\"@id\":\"https:\\\/\\\/www.vpcanada.com\\\/labelling\\\/custom-laser-sheets\",\"url\":\"https:\\\/\\\/www.vpcanada.com\\\/labelling\\\/custom-laser-sheets\",\"name\":\"Feuilles d\u2019\u00e9tiquettes personnalis\u00e9es - Vertical peripherals\",\"isPartOf\":{\"@id\":\"https:\\\/\\\/www.vpcanada.com\\\/#website\"},\"primaryImageOfPage\":{\"@id\":\"https:\\\/\\\/www.vpcanada.com\\\/labelling\\\/custom-laser-sheets#primaryimage\"},\"image\":{\"@id\":\"https:\\\/\\\/www.vpcanada.com\\\/labelling\\\/custom-laser-sheets#primaryimage\"},\"thumbnailUrl\":\"https:\\\/\\\/www.vpcanada.com\\\/wp-content\\\/uploads\\\/2016\\\/02\\\/vertical-peripherique-custom-laser.jpg\",\"datePublished\":\"2016-03-07T18:39:56+00:00\",\"dateModified\":\"2018-02-16T21:40:58+00:00\",\"description\":\"Pour une solution \u00e9conomique, Vertical P\u00e9riph\u00e9riques vous offrent une multitude de feuilles d'\u00e9tiquettes pour des impressions personnalis\u00e9es.\",\"breadcrumb\":{\"@id\":\"https:\\\/\\\/www.vpcanada.com\\\/labelling\\\/custom-laser-sheets#breadcrumb\"},\"inLanguage\":\"fr-FR\",\"potentialAction\":[{\"@type\":\"ReadAction\",\"target\":[\"https:\\\/\\\/www.vpcanada.com\\\/labelling\\\/custom-laser-sheets\"]}]},{\"@type\":\"ImageObject\",\"inLanguage\":\"fr-FR\",\"@id\":\"https:\\\/\\\/www.vpcanada.com\\\/labelling\\\/custom-laser-sheets#primaryimage\",\"url\":\"https:\\\/\\\/www.vpcanada.com\\\/wp-content\\\/uploads\\\/2016\\\/02\\\/vertical-peripherique-custom-laser.jpg\",\"contentUrl\":\"https:\\\/\\\/www.vpcanada.com\\\/wp-content\\\/uploads\\\/2016\\\/02\\\/vertical-peripherique-custom-laser.jpg\",\"width\":1200,\"height\":752},{\"@type\":\"BreadcrumbList\",\"@id\":\"https:\\\/\\\/www.vpcanada.com\\\/labelling\\\/custom-laser-sheets#breadcrumb\",\"itemListElement\":[{\"@type\":\"ListItem\",\"position\":1,\"name\":\"Home\",\"item\":\"https:\\\/\\\/www.vpcanada.com\\\/fr\"},{\"@type\":\"ListItem\",\"position\":2,\"name\":\"\u00c9tiquettes\",\"item\":\"https:\\\/\\\/www.vpcanada.com\\\/labelling\"},{\"@type\":\"ListItem\",\"position\":3,\"name\":\"Feuilles d\u2019\u00e9tiquettes personnalis\u00e9es\"}]},{\"@type\":\"WebSite\",\"@id\":\"https:\\\/\\\/www.vpcanada.com\\\/#website\",\"url\":\"https:\\\/\\\/www.vpcanada.com\\\/\",\"name\":\"Vertical peripherals\",\"description\":\"\",\"potentialAction\":[{\"@type\":\"SearchAction\",\"target\":{\"@type\":\"EntryPoint\",\"urlTemplate\":\"https:\\\/\\\/www.vpcanada.com\\\/?s={search_term_string}\"},\"query-input\":{\"@type\":\"PropertyValueSpecification\",\"valueRequired\":true,\"valueName\":\"search_term_string\"}}],\"inLanguage\":\"fr-FR\"}]}<\/script>\n<!-- \/ Yoast SEO plugin. -->","yoast_head_json":{"title":"Feuilles d\u2019\u00e9tiquettes personnalis\u00e9es - Vertical peripherals","description":"Pour une solution \u00e9conomique, Vertical P\u00e9riph\u00e9riques vous offrent une multitude de feuilles d'\u00e9tiquettes pour des impressions personnalis\u00e9es.","robots":{"index":"index","follow":"follow","max-snippet":"max-snippet:-1","max-image-preview":"max-image-preview:large","max-video-preview":"max-video-preview:-1"},"canonical":"https:\/\/www.vpcanada.com\/labelling\/custom-laser-sheets","og_locale":"fr_FR","og_type":"article","og_title":"Feuilles d\u2019\u00e9tiquettes personnalis\u00e9es - Vertical peripherals","og_description":"Pour une solution \u00e9conomique, Vertical P\u00e9riph\u00e9riques vous offrent une multitude de feuilles d'\u00e9tiquettes pour des impressions personnalis\u00e9es.","og_url":"https:\/\/www.vpcanada.com\/labelling\/custom-laser-sheets","og_site_name":"Vertical peripherals","article_modified_time":"2018-02-16T21:40:58+00:00","og_image":[{"width":1200,"height":752,"url":"https:\/\/www.vpcanada.com\/wp-content\/uploads\/2016\/02\/vertical-peripherique-custom-laser.jpg","type":"image\/jpeg"}],"twitter_card":"summary_large_image","schema":{"@context":"https:\/\/schema.org","@graph":[{"@type":"WebPage","@id":"https:\/\/www.vpcanada.com\/labelling\/custom-laser-sheets","url":"https:\/\/www.vpcanada.com\/labelling\/custom-laser-sheets","name":"Feuilles d\u2019\u00e9tiquettes personnalis\u00e9es - Vertical peripherals","isPartOf":{"@id":"https:\/\/www.vpcanada.com\/#website"},"primaryImageOfPage":{"@id":"https:\/\/www.vpcanada.com\/labelling\/custom-laser-sheets#primaryimage"},"image":{"@id":"https:\/\/www.vpcanada.com\/labelling\/custom-laser-sheets#primaryimage"},"thumbnailUrl":"https:\/\/www.vpcanada.com\/wp-content\/uploads\/2016\/02\/vertical-peripherique-custom-laser.jpg","datePublished":"2016-03-07T18:39:56+00:00","dateModified":"2018-02-16T21:40:58+00:00","description":"Pour une solution \u00e9conomique, Vertical P\u00e9riph\u00e9riques vous offrent une multitude de feuilles d'\u00e9tiquettes pour des impressions personnalis\u00e9es.","breadcrumb":{"@id":"https:\/\/www.vpcanada.com\/labelling\/custom-laser-sheets#breadcrumb"},"inLanguage":"fr-FR","potentialAction":[{"@type":"ReadAction","target":["https:\/\/www.vpcanada.com\/labelling\/custom-laser-sheets"]}]},{"@type":"ImageObject","inLanguage":"fr-FR","@id":"https:\/\/www.vpcanada.com\/labelling\/custom-laser-sheets#primaryimage","url":"https:\/\/www.vpcanada.com\/wp-content\/uploads\/2016\/02\/vertical-peripherique-custom-laser.jpg","contentUrl":"https:\/\/www.vpcanada.com\/wp-content\/uploads\/2016\/02\/vertical-peripherique-custom-laser.jpg","width":1200,"height":752},{"@type":"BreadcrumbList","@id":"https:\/\/www.vpcanada.com\/labelling\/custom-laser-sheets#breadcrumb","itemListElement":[{"@type":"ListItem","position":1,"name":"Home","item":"https:\/\/www.vpcanada.com\/fr"},{"@type":"ListItem","position":2,"name":"\u00c9tiquettes","item":"https:\/\/www.vpcanada.com\/labelling"},{"@type":"ListItem","position":3,"name":"Feuilles d\u2019\u00e9tiquettes personnalis\u00e9es"}]},{"@type":"WebSite","@id":"https:\/\/www.vpcanada.com\/#website","url":"https:\/\/www.vpcanada.com\/","name":"Vertical peripherals","description":"","potentialAction":[{"@type":"SearchAction","target":{"@type":"EntryPoint","urlTemplate":"https:\/\/www.vpcanada.com\/?s={search_term_string}"},"query-input":{"@type":"PropertyValueSpecification","valueRequired":true,"valueName":"search_term_string"}}],"inLanguage":"fr-FR"}]}},"_links":{"self":[{"href":"https:\/\/www.vpcanada.com\/fr\/wp-json\/wp\/v2\/pages\/333","targetHints":{"allow":["GET"]}}],"collection":[{"href":"https:\/\/www.vpcanada.com\/fr\/wp-json\/wp\/v2\/pages"}],"about":[{"href":"https:\/\/www.vpcanada.com\/fr\/wp-json\/wp\/v2\/types\/page"}],"author":[{"embeddable":true,"href":"https:\/\/www.vpcanada.com\/fr\/wp-json\/wp\/v2\/users\/2"}],"replies":[{"embeddable":true,"href":"https:\/\/www.vpcanada.com\/fr\/wp-json\/wp\/v2\/comments?post=333"}],"version-history":[{"count":6,"href":"https:\/\/www.vpcanada.com\/fr\/wp-json\/wp\/v2\/pages\/333\/revisions"}],"predecessor-version":[{"id":334,"href":"https:\/\/www.vpcanada.com\/fr\/wp-json\/wp\/v2\/pages\/333\/revisions\/334"}],"up":[{"embeddable":true,"href":"https:\/\/www.vpcanada.com\/fr\/wp-json\/wp\/v2\/pages\/141"}],"wp:featuredmedia":[{"embeddable":true,"href":"https:\/\/www.vpcanada.com\/fr\/wp-json\/wp\/v2\/media\/78"}],"wp:attachment":[{"href":"https:\/\/www.vpcanada.com\/fr\/wp-json\/wp\/v2\/media?parent=333"}],"curies":[{"name":"wp","href":"https:\/\/api.w.org\/{rel}","templated":true}]}}