{"id":338,"date":"2016-03-07T13:40:31","date_gmt":"2016-03-07T18:40:31","guid":{"rendered":"http:\/\/vpcanada.com\/etiquettes\/custom-computer-labels\/?lang=fr"},"modified":"2018-02-16T16:49:18","modified_gmt":"2018-02-16T21:49:18","slug":"etiquettes-informatiques-sur-mesure","status":"publish","type":"page","link":"https:\/\/www.vpcanada.com\/fr\/etiquettes\/etiquettes-informatiques-sur-mesure","title":{"rendered":"\u00c9tiquettes informatiques sur mesure"},"content":{"rendered":"<p>Vertical P\u00e9riph\u00e9riques vous propose des solutions \u00e9conomiques pour toutes vos \u00e9tiquettes informatiques sur mesure.<br \/>\n\u00c9tiquettes d&rsquo;exp\u00e9dition, sceaux de s\u00e9curit\u00e9, \u00e9tiquettes de classement, \u00e9tiquettes postales, \u00e9tiquettes \u00e0 codage&#8230;<\/p>\n<p>Veuillez choisir parmi les grandeurs que nous avons sur la matrice d&rsquo;\u00e9tiquettes pour commander.<\/p>\n<p><a href=\"http:\/\/vpcanada.com\/wp-content\/uploads\/2016\/04\/Computer_Labels-1.pdf\">Voir la matrice d&rsquo;\u00e9tiquettes<\/a><\/p>\n","protected":false},"excerpt":{"rendered":"<p>Pour une solution \u00e9conomique choisissez parmi la grandeur que nous avons sur la matrice.<\/p>\n","protected":false},"author":2,"featured_media":76,"parent":141,"menu_order":6,"comment_status":"closed","ping_status":"closed","template":"","meta":{"_monsterinsights_skip_tracking":false,"_monsterinsights_sitenote_active":false,"_monsterinsights_sitenote_note":"","_monsterinsights_sitenote_category":0,"footnotes":""},"class_list":["post-338","page","type-page","status-publish","has-post-thumbnail","hentry"],"yoast_head":"<!-- This site is optimized with the Yoast SEO plugin v27.4 - https:\/\/yoast.com\/product\/yoast-seo-wordpress\/ -->\n<title>\u00c9tiquettes informatiques sur mesure - Vertical peripherals<\/title>\n<meta name=\"description\" content=\"\u00c9tiquettes d&#039;exp\u00e9dition, sceaux de s\u00e9curit\u00e9, \u00e9tiquettes de classement, \u00e9tiquettes postales, \u00e9tiquettes \u00e0 codage couleur et \u00e9tiquettes d\u2019identification.\" \/>\n<meta name=\"robots\" content=\"index, follow, max-snippet:-1, max-image-preview:large, max-video-preview:-1\" \/>\n<link rel=\"canonical\" href=\"https:\/\/www.vpcanada.com\/labelling\/custom-computer-labels\" \/>\n<meta property=\"og:locale\" content=\"fr_FR\" \/>\n<meta property=\"og:type\" content=\"article\" \/>\n<meta property=\"og:title\" content=\"\u00c9tiquettes informatiques sur mesure - Vertical peripherals\" \/>\n<meta property=\"og:description\" content=\"\u00c9tiquettes d&#039;exp\u00e9dition, sceaux de s\u00e9curit\u00e9, \u00e9tiquettes de classement, \u00e9tiquettes postales, \u00e9tiquettes \u00e0 codage couleur et \u00e9tiquettes d\u2019identification.\" \/>\n<meta property=\"og:url\" content=\"https:\/\/www.vpcanada.com\/labelling\/custom-computer-labels\" \/>\n<meta property=\"og:site_name\" content=\"Vertical peripherals\" \/>\n<meta property=\"article:modified_time\" content=\"2018-02-16T21:49:18+00:00\" \/>\n<meta property=\"og:image\" content=\"https:\/\/www.vpcanada.com\/wp-content\/uploads\/2016\/02\/vertical-peripherique-computer-label.jpg\" \/>\n\t<meta property=\"og:image:width\" content=\"1200\" \/>\n\t<meta property=\"og:image:height\" content=\"752\" \/>\n\t<meta property=\"og:image:type\" content=\"image\/jpeg\" \/>\n<meta name=\"twitter:card\" content=\"summary_large_image\" \/>\n<script type=\"application\/ld+json\" class=\"yoast-schema-graph\">{\"@context\":\"https:\\\/\\\/schema.org\",\"@graph\":[{\"@type\":\"WebPage\",\"@id\":\"https:\\\/\\\/www.vpcanada.com\\\/labelling\\\/custom-computer-labels\",\"url\":\"https:\\\/\\\/www.vpcanada.com\\\/labelling\\\/custom-computer-labels\",\"name\":\"\u00c9tiquettes informatiques sur mesure - Vertical peripherals\",\"isPartOf\":{\"@id\":\"https:\\\/\\\/www.vpcanada.com\\\/#website\"},\"primaryImageOfPage\":{\"@id\":\"https:\\\/\\\/www.vpcanada.com\\\/labelling\\\/custom-computer-labels#primaryimage\"},\"image\":{\"@id\":\"https:\\\/\\\/www.vpcanada.com\\\/labelling\\\/custom-computer-labels#primaryimage\"},\"thumbnailUrl\":\"https:\\\/\\\/www.vpcanada.com\\\/wp-content\\\/uploads\\\/2016\\\/02\\\/vertical-peripherique-computer-label.jpg\",\"datePublished\":\"2016-03-07T18:40:31+00:00\",\"dateModified\":\"2018-02-16T21:49:18+00:00\",\"description\":\"\u00c9tiquettes d'exp\u00e9dition, sceaux de s\u00e9curit\u00e9, \u00e9tiquettes de classement, \u00e9tiquettes postales, \u00e9tiquettes \u00e0 codage couleur et \u00e9tiquettes d\u2019identification.\",\"breadcrumb\":{\"@id\":\"https:\\\/\\\/www.vpcanada.com\\\/labelling\\\/custom-computer-labels#breadcrumb\"},\"inLanguage\":\"fr-FR\",\"potentialAction\":[{\"@type\":\"ReadAction\",\"target\":[\"https:\\\/\\\/www.vpcanada.com\\\/labelling\\\/custom-computer-labels\"]}]},{\"@type\":\"ImageObject\",\"inLanguage\":\"fr-FR\",\"@id\":\"https:\\\/\\\/www.vpcanada.com\\\/labelling\\\/custom-computer-labels#primaryimage\",\"url\":\"https:\\\/\\\/www.vpcanada.com\\\/wp-content\\\/uploads\\\/2016\\\/02\\\/vertical-peripherique-computer-label.jpg\",\"contentUrl\":\"https:\\\/\\\/www.vpcanada.com\\\/wp-content\\\/uploads\\\/2016\\\/02\\\/vertical-peripherique-computer-label.jpg\",\"width\":1200,\"height\":752},{\"@type\":\"BreadcrumbList\",\"@id\":\"https:\\\/\\\/www.vpcanada.com\\\/labelling\\\/custom-computer-labels#breadcrumb\",\"itemListElement\":[{\"@type\":\"ListItem\",\"position\":1,\"name\":\"Home\",\"item\":\"https:\\\/\\\/www.vpcanada.com\\\/fr\"},{\"@type\":\"ListItem\",\"position\":2,\"name\":\"\u00c9tiquettes\",\"item\":\"https:\\\/\\\/www.vpcanada.com\\\/labelling\"},{\"@type\":\"ListItem\",\"position\":3,\"name\":\"\u00c9tiquettes informatiques sur mesure\"}]},{\"@type\":\"WebSite\",\"@id\":\"https:\\\/\\\/www.vpcanada.com\\\/#website\",\"url\":\"https:\\\/\\\/www.vpcanada.com\\\/\",\"name\":\"Vertical peripherals\",\"description\":\"\",\"potentialAction\":[{\"@type\":\"SearchAction\",\"target\":{\"@type\":\"EntryPoint\",\"urlTemplate\":\"https:\\\/\\\/www.vpcanada.com\\\/?s={search_term_string}\"},\"query-input\":{\"@type\":\"PropertyValueSpecification\",\"valueRequired\":true,\"valueName\":\"search_term_string\"}}],\"inLanguage\":\"fr-FR\"}]}<\/script>\n<!-- \/ Yoast SEO plugin. -->","yoast_head_json":{"title":"\u00c9tiquettes informatiques sur mesure - Vertical peripherals","description":"\u00c9tiquettes d'exp\u00e9dition, sceaux de s\u00e9curit\u00e9, \u00e9tiquettes de classement, \u00e9tiquettes postales, \u00e9tiquettes \u00e0 codage couleur et \u00e9tiquettes d\u2019identification.","robots":{"index":"index","follow":"follow","max-snippet":"max-snippet:-1","max-image-preview":"max-image-preview:large","max-video-preview":"max-video-preview:-1"},"canonical":"https:\/\/www.vpcanada.com\/labelling\/custom-computer-labels","og_locale":"fr_FR","og_type":"article","og_title":"\u00c9tiquettes informatiques sur mesure - Vertical peripherals","og_description":"\u00c9tiquettes d'exp\u00e9dition, sceaux de s\u00e9curit\u00e9, \u00e9tiquettes de classement, \u00e9tiquettes postales, \u00e9tiquettes \u00e0 codage couleur et \u00e9tiquettes d\u2019identification.","og_url":"https:\/\/www.vpcanada.com\/labelling\/custom-computer-labels","og_site_name":"Vertical peripherals","article_modified_time":"2018-02-16T21:49:18+00:00","og_image":[{"width":1200,"height":752,"url":"https:\/\/www.vpcanada.com\/wp-content\/uploads\/2016\/02\/vertical-peripherique-computer-label.jpg","type":"image\/jpeg"}],"twitter_card":"summary_large_image","schema":{"@context":"https:\/\/schema.org","@graph":[{"@type":"WebPage","@id":"https:\/\/www.vpcanada.com\/labelling\/custom-computer-labels","url":"https:\/\/www.vpcanada.com\/labelling\/custom-computer-labels","name":"\u00c9tiquettes informatiques sur mesure - Vertical peripherals","isPartOf":{"@id":"https:\/\/www.vpcanada.com\/#website"},"primaryImageOfPage":{"@id":"https:\/\/www.vpcanada.com\/labelling\/custom-computer-labels#primaryimage"},"image":{"@id":"https:\/\/www.vpcanada.com\/labelling\/custom-computer-labels#primaryimage"},"thumbnailUrl":"https:\/\/www.vpcanada.com\/wp-content\/uploads\/2016\/02\/vertical-peripherique-computer-label.jpg","datePublished":"2016-03-07T18:40:31+00:00","dateModified":"2018-02-16T21:49:18+00:00","description":"\u00c9tiquettes d'exp\u00e9dition, sceaux de s\u00e9curit\u00e9, \u00e9tiquettes de classement, \u00e9tiquettes postales, \u00e9tiquettes \u00e0 codage couleur et \u00e9tiquettes d\u2019identification.","breadcrumb":{"@id":"https:\/\/www.vpcanada.com\/labelling\/custom-computer-labels#breadcrumb"},"inLanguage":"fr-FR","potentialAction":[{"@type":"ReadAction","target":["https:\/\/www.vpcanada.com\/labelling\/custom-computer-labels"]}]},{"@type":"ImageObject","inLanguage":"fr-FR","@id":"https:\/\/www.vpcanada.com\/labelling\/custom-computer-labels#primaryimage","url":"https:\/\/www.vpcanada.com\/wp-content\/uploads\/2016\/02\/vertical-peripherique-computer-label.jpg","contentUrl":"https:\/\/www.vpcanada.com\/wp-content\/uploads\/2016\/02\/vertical-peripherique-computer-label.jpg","width":1200,"height":752},{"@type":"BreadcrumbList","@id":"https:\/\/www.vpcanada.com\/labelling\/custom-computer-labels#breadcrumb","itemListElement":[{"@type":"ListItem","position":1,"name":"Home","item":"https:\/\/www.vpcanada.com\/fr"},{"@type":"ListItem","position":2,"name":"\u00c9tiquettes","item":"https:\/\/www.vpcanada.com\/labelling"},{"@type":"ListItem","position":3,"name":"\u00c9tiquettes informatiques sur mesure"}]},{"@type":"WebSite","@id":"https:\/\/www.vpcanada.com\/#website","url":"https:\/\/www.vpcanada.com\/","name":"Vertical peripherals","description":"","potentialAction":[{"@type":"SearchAction","target":{"@type":"EntryPoint","urlTemplate":"https:\/\/www.vpcanada.com\/?s={search_term_string}"},"query-input":{"@type":"PropertyValueSpecification","valueRequired":true,"valueName":"search_term_string"}}],"inLanguage":"fr-FR"}]}},"_links":{"self":[{"href":"https:\/\/www.vpcanada.com\/fr\/wp-json\/wp\/v2\/pages\/338","targetHints":{"allow":["GET"]}}],"collection":[{"href":"https:\/\/www.vpcanada.com\/fr\/wp-json\/wp\/v2\/pages"}],"about":[{"href":"https:\/\/www.vpcanada.com\/fr\/wp-json\/wp\/v2\/types\/page"}],"author":[{"embeddable":true,"href":"https:\/\/www.vpcanada.com\/fr\/wp-json\/wp\/v2\/users\/2"}],"replies":[{"embeddable":true,"href":"https:\/\/www.vpcanada.com\/fr\/wp-json\/wp\/v2\/comments?post=338"}],"version-history":[{"count":5,"href":"https:\/\/www.vpcanada.com\/fr\/wp-json\/wp\/v2\/pages\/338\/revisions"}],"predecessor-version":[{"id":339,"href":"https:\/\/www.vpcanada.com\/fr\/wp-json\/wp\/v2\/pages\/338\/revisions\/339"}],"up":[{"embeddable":true,"href":"https:\/\/www.vpcanada.com\/fr\/wp-json\/wp\/v2\/pages\/141"}],"wp:featuredmedia":[{"embeddable":true,"href":"https:\/\/www.vpcanada.com\/fr\/wp-json\/wp\/v2\/media\/76"}],"wp:attachment":[{"href":"https:\/\/www.vpcanada.com\/fr\/wp-json\/wp\/v2\/media?parent=338"}],"curies":[{"name":"wp","href":"https:\/\/api.w.org\/{rel}","templated":true}]}}