{"id":340,"date":"2016-04-06T11:24:35","date_gmt":"2016-04-06T15:24:35","guid":{"rendered":"http:\/\/vpcanada.com\/?page_id=340&#038;lang=fr"},"modified":"2021-04-30T09:16:19","modified_gmt":"2021-04-30T13:16:19","slug":"logiciel-code-barres","status":"publish","type":"page","link":"https:\/\/www.vpcanada.com\/fr\/etiquettes\/logiciel-code-barres","title":{"rendered":"Logiciel code \u00e0 barres"},"content":{"rendered":"<p>Nous sommes d\u00e9taillants des&nbsp;meilleurs logiciels du monde de l&rsquo;impression d\u2019\u00e9tiquettes pour codes \u00e0 barres, RFID et cartes Bar Tender par Seagull Scientific.<br>Comptez sur notre expertise dans le domaine de l&rsquo;\u00e9tiquetage et dans les syst\u00e8mes d&rsquo;identification pour am\u00e9liorer l&rsquo;exactitude des r\u00e9sultats, r\u00e9duire vos co\u00fbts et mieux servir vos clients.<\/p>\n\n\n<figure class=\"wp-block-image size-large is-resized\"><a href=\"https:\/\/www.seagullscientific.com\/fr\/30-day-trial-referral\/?TrackData=ReferralAccount~U0000163*ReferralCampaign~CMP-01432-G7P8K2*Trial~True\" target=\"_blank\" rel=\"noopener\"><img loading=\"lazy\" decoding=\"async\" src=\"https:\/\/www.vpcanada.com\/wp-content\/uploads\/2021\/04\/BarTender-bouton.png\" alt=\"\" class=\"wp-image-918\" width=\"232\" height=\"59\" srcset=\"https:\/\/www.vpcanada.com\/wp-content\/uploads\/2021\/04\/BarTender-bouton.png 944w, https:\/\/www.vpcanada.com\/wp-content\/uploads\/2021\/04\/BarTender-bouton-300x78.png 300w, https:\/\/www.vpcanada.com\/wp-content\/uploads\/2021\/04\/BarTender-bouton-768x200.png 768w\" sizes=\"auto, (max-width: 232px) 100vw, 232px\" \/><\/a><\/figure>\n\n\n\n<p><\/p>\n","protected":false},"excerpt":{"rendered":"<p>Nous sommes d\u00e9taillants des&nbsp;meilleurs logiciels du monde de l&rsquo;impression d\u2019\u00e9tiquettes pour codes \u00e0 barres, RFID et cartes Bar Tender par Seagull Scientific.Comptez sur notre expertise dans le domaine de l&rsquo;\u00e9tiquetage et dans les syst\u00e8mes d&rsquo;identification pour am\u00e9liorer l&rsquo;exactitude des r\u00e9sultats, r\u00e9duire vos co\u00fbts et mieux servir vos clients.<\/p>\n","protected":false},"author":2,"featured_media":489,"parent":141,"menu_order":7,"comment_status":"closed","ping_status":"closed","template":"","meta":{"_monsterinsights_skip_tracking":false,"_monsterinsights_sitenote_active":false,"_monsterinsights_sitenote_note":"","_monsterinsights_sitenote_category":0,"footnotes":""},"class_list":["post-340","page","type-page","status-publish","has-post-thumbnail","hentry"],"yoast_head":"<!-- This site is optimized with the Yoast SEO plugin v27.5 - https:\/\/yoast.com\/product\/yoast-seo-wordpress\/ -->\n<title>Logiciel code \u00e0 barres - Vertical peripherals<\/title>\n<meta name=\"description\" content=\"Encodez vos donn\u00e9es et imprimez des codes \u00e0 barres gr\u00e2ce aux logiciels d\u2019\u00e9tiquetage, code barres et\/ou RFID conformes aux normes en vigueur.\" \/>\n<meta name=\"robots\" content=\"index, follow, max-snippet:-1, max-image-preview:large, max-video-preview:-1\" \/>\n<link rel=\"canonical\" href=\"https:\/\/www.vpcanada.com\/labelling\/barcode-software\" \/>\n<meta property=\"og:locale\" content=\"fr_FR\" \/>\n<meta property=\"og:type\" content=\"article\" \/>\n<meta property=\"og:title\" content=\"Logiciel code \u00e0 barres - Vertical peripherals\" \/>\n<meta property=\"og:description\" content=\"Encodez vos donn\u00e9es et imprimez des codes \u00e0 barres gr\u00e2ce aux logiciels d\u2019\u00e9tiquetage, code barres et\/ou RFID conformes aux normes en vigueur.\" \/>\n<meta property=\"og:url\" content=\"https:\/\/www.vpcanada.com\/labelling\/barcode-software\" \/>\n<meta property=\"og:site_name\" content=\"Vertical peripherals\" \/>\n<meta property=\"article:modified_time\" content=\"2021-04-30T13:16:19+00:00\" \/>\n<meta property=\"og:image\" content=\"https:\/\/www.vpcanada.com\/wp-content\/uploads\/2016\/04\/Vertical-Peripheriques-labelling-Barcode-software.jpg\" \/>\n\t<meta property=\"og:image:width\" content=\"886\" \/>\n\t<meta property=\"og:image:height\" content=\"555\" \/>\n\t<meta property=\"og:image:type\" content=\"image\/jpeg\" \/>\n<meta name=\"twitter:card\" content=\"summary_large_image\" \/>\n<meta name=\"twitter:label1\" content=\"Dur\u00e9e de lecture estim\u00e9e\" \/>\n\t<meta name=\"twitter:data1\" content=\"1 minute\" \/>\n<script type=\"application\/ld+json\" class=\"yoast-schema-graph\">{\"@context\":\"https:\\\/\\\/schema.org\",\"@graph\":[{\"@type\":\"WebPage\",\"@id\":\"https:\\\/\\\/www.vpcanada.com\\\/labelling\\\/barcode-software\",\"url\":\"https:\\\/\\\/www.vpcanada.com\\\/labelling\\\/barcode-software\",\"name\":\"Logiciel code \u00e0 barres - Vertical peripherals\",\"isPartOf\":{\"@id\":\"https:\\\/\\\/www.vpcanada.com\\\/#website\"},\"primaryImageOfPage\":{\"@id\":\"https:\\\/\\\/www.vpcanada.com\\\/labelling\\\/barcode-software#primaryimage\"},\"image\":{\"@id\":\"https:\\\/\\\/www.vpcanada.com\\\/labelling\\\/barcode-software#primaryimage\"},\"thumbnailUrl\":\"https:\\\/\\\/www.vpcanada.com\\\/wp-content\\\/uploads\\\/2016\\\/04\\\/Vertical-Peripheriques-labelling-Barcode-software.jpg\",\"datePublished\":\"2016-04-06T15:24:35+00:00\",\"dateModified\":\"2021-04-30T13:16:19+00:00\",\"description\":\"Encodez vos donn\u00e9es et imprimez des codes \u00e0 barres gr\u00e2ce aux logiciels d\u2019\u00e9tiquetage, code barres et\\\/ou RFID conformes aux normes en vigueur.\",\"breadcrumb\":{\"@id\":\"https:\\\/\\\/www.vpcanada.com\\\/labelling\\\/barcode-software#breadcrumb\"},\"inLanguage\":\"fr-FR\",\"potentialAction\":[{\"@type\":\"ReadAction\",\"target\":[\"https:\\\/\\\/www.vpcanada.com\\\/labelling\\\/barcode-software\"]}]},{\"@type\":\"ImageObject\",\"inLanguage\":\"fr-FR\",\"@id\":\"https:\\\/\\\/www.vpcanada.com\\\/labelling\\\/barcode-software#primaryimage\",\"url\":\"https:\\\/\\\/www.vpcanada.com\\\/wp-content\\\/uploads\\\/2016\\\/04\\\/Vertical-Peripheriques-labelling-Barcode-software.jpg\",\"contentUrl\":\"https:\\\/\\\/www.vpcanada.com\\\/wp-content\\\/uploads\\\/2016\\\/04\\\/Vertical-Peripheriques-labelling-Barcode-software.jpg\",\"width\":886,\"height\":555,\"caption\":\"Vertical P\u00e9riph\u00e9riques logiciel pour code barres\"},{\"@type\":\"BreadcrumbList\",\"@id\":\"https:\\\/\\\/www.vpcanada.com\\\/labelling\\\/barcode-software#breadcrumb\",\"itemListElement\":[{\"@type\":\"ListItem\",\"position\":1,\"name\":\"Home\",\"item\":\"https:\\\/\\\/www.vpcanada.com\\\/fr\"},{\"@type\":\"ListItem\",\"position\":2,\"name\":\"\u00c9tiquettes\",\"item\":\"https:\\\/\\\/www.vpcanada.com\\\/labelling\"},{\"@type\":\"ListItem\",\"position\":3,\"name\":\"Logiciel code \u00e0 barres\"}]},{\"@type\":\"WebSite\",\"@id\":\"https:\\\/\\\/www.vpcanada.com\\\/#website\",\"url\":\"https:\\\/\\\/www.vpcanada.com\\\/\",\"name\":\"Vertical peripherals\",\"description\":\"\",\"potentialAction\":[{\"@type\":\"SearchAction\",\"target\":{\"@type\":\"EntryPoint\",\"urlTemplate\":\"https:\\\/\\\/www.vpcanada.com\\\/?s={search_term_string}\"},\"query-input\":{\"@type\":\"PropertyValueSpecification\",\"valueRequired\":true,\"valueName\":\"search_term_string\"}}],\"inLanguage\":\"fr-FR\"}]}<\/script>\n<!-- \/ Yoast SEO plugin. -->","yoast_head_json":{"title":"Logiciel code \u00e0 barres - Vertical peripherals","description":"Encodez vos donn\u00e9es et imprimez des codes \u00e0 barres gr\u00e2ce aux logiciels d\u2019\u00e9tiquetage, code barres et\/ou RFID conformes aux normes en vigueur.","robots":{"index":"index","follow":"follow","max-snippet":"max-snippet:-1","max-image-preview":"max-image-preview:large","max-video-preview":"max-video-preview:-1"},"canonical":"https:\/\/www.vpcanada.com\/labelling\/barcode-software","og_locale":"fr_FR","og_type":"article","og_title":"Logiciel code \u00e0 barres - Vertical peripherals","og_description":"Encodez vos donn\u00e9es et imprimez des codes \u00e0 barres gr\u00e2ce aux logiciels d\u2019\u00e9tiquetage, code barres et\/ou RFID conformes aux normes en vigueur.","og_url":"https:\/\/www.vpcanada.com\/labelling\/barcode-software","og_site_name":"Vertical peripherals","article_modified_time":"2021-04-30T13:16:19+00:00","og_image":[{"width":886,"height":555,"url":"https:\/\/www.vpcanada.com\/wp-content\/uploads\/2016\/04\/Vertical-Peripheriques-labelling-Barcode-software.jpg","type":"image\/jpeg"}],"twitter_card":"summary_large_image","twitter_misc":{"Dur\u00e9e de lecture estim\u00e9e":"1 minute"},"schema":{"@context":"https:\/\/schema.org","@graph":[{"@type":"WebPage","@id":"https:\/\/www.vpcanada.com\/labelling\/barcode-software","url":"https:\/\/www.vpcanada.com\/labelling\/barcode-software","name":"Logiciel code \u00e0 barres - Vertical peripherals","isPartOf":{"@id":"https:\/\/www.vpcanada.com\/#website"},"primaryImageOfPage":{"@id":"https:\/\/www.vpcanada.com\/labelling\/barcode-software#primaryimage"},"image":{"@id":"https:\/\/www.vpcanada.com\/labelling\/barcode-software#primaryimage"},"thumbnailUrl":"https:\/\/www.vpcanada.com\/wp-content\/uploads\/2016\/04\/Vertical-Peripheriques-labelling-Barcode-software.jpg","datePublished":"2016-04-06T15:24:35+00:00","dateModified":"2021-04-30T13:16:19+00:00","description":"Encodez vos donn\u00e9es et imprimez des codes \u00e0 barres gr\u00e2ce aux logiciels d\u2019\u00e9tiquetage, code barres et\/ou RFID conformes aux normes en vigueur.","breadcrumb":{"@id":"https:\/\/www.vpcanada.com\/labelling\/barcode-software#breadcrumb"},"inLanguage":"fr-FR","potentialAction":[{"@type":"ReadAction","target":["https:\/\/www.vpcanada.com\/labelling\/barcode-software"]}]},{"@type":"ImageObject","inLanguage":"fr-FR","@id":"https:\/\/www.vpcanada.com\/labelling\/barcode-software#primaryimage","url":"https:\/\/www.vpcanada.com\/wp-content\/uploads\/2016\/04\/Vertical-Peripheriques-labelling-Barcode-software.jpg","contentUrl":"https:\/\/www.vpcanada.com\/wp-content\/uploads\/2016\/04\/Vertical-Peripheriques-labelling-Barcode-software.jpg","width":886,"height":555,"caption":"Vertical P\u00e9riph\u00e9riques logiciel pour code barres"},{"@type":"BreadcrumbList","@id":"https:\/\/www.vpcanada.com\/labelling\/barcode-software#breadcrumb","itemListElement":[{"@type":"ListItem","position":1,"name":"Home","item":"https:\/\/www.vpcanada.com\/fr"},{"@type":"ListItem","position":2,"name":"\u00c9tiquettes","item":"https:\/\/www.vpcanada.com\/labelling"},{"@type":"ListItem","position":3,"name":"Logiciel code \u00e0 barres"}]},{"@type":"WebSite","@id":"https:\/\/www.vpcanada.com\/#website","url":"https:\/\/www.vpcanada.com\/","name":"Vertical peripherals","description":"","potentialAction":[{"@type":"SearchAction","target":{"@type":"EntryPoint","urlTemplate":"https:\/\/www.vpcanada.com\/?s={search_term_string}"},"query-input":{"@type":"PropertyValueSpecification","valueRequired":true,"valueName":"search_term_string"}}],"inLanguage":"fr-FR"}]}},"_links":{"self":[{"href":"https:\/\/www.vpcanada.com\/fr\/wp-json\/wp\/v2\/pages\/340","targetHints":{"allow":["GET"]}}],"collection":[{"href":"https:\/\/www.vpcanada.com\/fr\/wp-json\/wp\/v2\/pages"}],"about":[{"href":"https:\/\/www.vpcanada.com\/fr\/wp-json\/wp\/v2\/types\/page"}],"author":[{"embeddable":true,"href":"https:\/\/www.vpcanada.com\/fr\/wp-json\/wp\/v2\/users\/2"}],"replies":[{"embeddable":true,"href":"https:\/\/www.vpcanada.com\/fr\/wp-json\/wp\/v2\/comments?post=340"}],"version-history":[{"count":11,"href":"https:\/\/www.vpcanada.com\/fr\/wp-json\/wp\/v2\/pages\/340\/revisions"}],"predecessor-version":[{"id":341,"href":"https:\/\/www.vpcanada.com\/fr\/wp-json\/wp\/v2\/pages\/340\/revisions\/341"}],"up":[{"embeddable":true,"href":"https:\/\/www.vpcanada.com\/fr\/wp-json\/wp\/v2\/pages\/141"}],"wp:featuredmedia":[{"embeddable":true,"href":"https:\/\/www.vpcanada.com\/fr\/wp-json\/wp\/v2\/media\/489"}],"wp:attachment":[{"href":"https:\/\/www.vpcanada.com\/fr\/wp-json\/wp\/v2\/media?parent=340"}],"curies":[{"name":"wp","href":"https:\/\/api.w.org\/{rel}","templated":true}]}}