{"id":342,"date":"2016-02-25T16:10:43","date_gmt":"2016-02-25T21:10:43","guid":{"rendered":"http:\/\/vpcanada.com\/?page_id=342&#038;lang=fr"},"modified":"2017-11-15T16:04:29","modified_gmt":"2017-11-15T21:04:29","slug":"page-daccueil","status":"publish","type":"page","link":"https:\/\/www.vpcanada.com\/fr","title":{"rendered":"Page d&rsquo;accueil"},"content":{"rendered":"<h2>Acc\u00e9l\u00e9rez le passage \u00e0 la caisse gr\u00e2ce \u00e0 nos solutions pour les re\u00e7us personnalis\u00e9s<\/h2>\n<p class=\"p1\">Personnalisez votre message sur vos re\u00e7us et coupons de vos points de ventes.<\/p>\n<h2>Partagez notre vision de l\u2019\u00e9tiquetage<\/h2>\n<p class=\"p1\">\u00c9tiquettes codes-barres personnalis\u00e9es pour toutes les applications.<\/p>\n<div class=\"banner-item\">\n<div class=\"banner-bg\" data-backgrounds=\"url('https:\/\/www.vpcanada.com\/wp-content\/uploads\/2016\/03\/Slides-Vertical-Peripheriques-ticketing.jpg'), url('https:\/\/www.vpcanada.com\/wp-content\/uploads\/2016\/03\/Slides-Vertical-Peripheriques-ticketing.jpg')\">\n<div class=\"container\">\n<div class=\"row\">\n<div class=\"banner-item-content\">\n<h2>\u00c9vitez les fausses notes avec nos solutions de billetterie<\/h2>\n<p class=\"p1\">Billets et cartonnettes personnalis\u00e9s pour toutes les applications et tous les budgets<\/p>\n<p class=\"p1\">\u00c9tiquettes thermiques &#8211; Imprimantes de codes-barres &#8211; logiciels et lecteurs de codes-barres &#8211; Rubans thermiques &#8211; Mini-claviers num\u00e9riques &#8211; Cartes d&rsquo;identit\u00e9 sur mesure.<\/p>\n<\/div>\n<\/div>\n<\/div>\n<\/div>\n<\/div>\n<div class=\"banner-item\"><\/div>\n","protected":false},"excerpt":{"rendered":"<p>Acc\u00e9l\u00e9rez le passage \u00e0 la caisse gr\u00e2ce \u00e0 nos solutions pour les re\u00e7us personnalis\u00e9s Personnalisez votre message sur vos re\u00e7us et coupons de vos points de ventes. Partagez notre vision de l\u2019\u00e9tiquetage \u00c9tiquettes codes-barres personnalis\u00e9es pour toutes les applications. \u00c9vitez les fausses notes avec nos solutions de billetterie Billets et cartonnettes personnalis\u00e9s pour toutes les [&hellip;]<\/p>\n","protected":false},"author":2,"featured_media":0,"parent":0,"menu_order":0,"comment_status":"closed","ping_status":"closed","template":"tpl-accueil.php","meta":{"_monsterinsights_skip_tracking":false,"_monsterinsights_sitenote_active":false,"_monsterinsights_sitenote_note":"","_monsterinsights_sitenote_category":0,"footnotes":""},"class_list":["post-342","page","type-page","status-publish","hentry"],"yoast_head":"<!-- This site is optimized with the Yoast SEO plugin v27.4 - https:\/\/yoast.com\/product\/yoast-seo-wordpress\/ -->\n<title>Vertical P\u00e9riph\u00e9riques - Sp\u00e9cialiste en code-barres, \u00e9tiquettes et re\u00e7us<\/title>\n<meta name=\"description\" content=\"Fournisseur officiel au Canada pour vos besoins en code-barres, billets, re\u00e7us sans PBA, cartes d&#039;identit\u00e9, mini claviers, imprimantes et rubans thermiques.\" \/>\n<meta name=\"robots\" content=\"index, follow, max-snippet:-1, max-image-preview:large, max-video-preview:-1\" \/>\n<link rel=\"canonical\" href=\"https:\/\/www.vpcanada.com\/fr\" \/>\n<meta property=\"og:locale\" content=\"fr_FR\" \/>\n<meta property=\"og:type\" content=\"article\" \/>\n<meta property=\"og:title\" content=\"Vertical P\u00e9riph\u00e9riques - Sp\u00e9cialiste en code-barres, \u00e9tiquettes et re\u00e7us\" \/>\n<meta property=\"og:description\" content=\"Fournisseur officiel au Canada pour vos besoins en code-barres, billets, re\u00e7us sans PBA, cartes d&#039;identit\u00e9, mini claviers, imprimantes et rubans thermiques.\" \/>\n<meta property=\"og:url\" content=\"https:\/\/www.vpcanada.com\/fr\" \/>\n<meta property=\"og:site_name\" content=\"Vertical peripherals\" \/>\n<meta property=\"article:modified_time\" content=\"2017-11-15T21:04:29+00:00\" \/>\n<meta name=\"twitter:card\" content=\"summary_large_image\" \/>\n<script type=\"application\/ld+json\" class=\"yoast-schema-graph\">{\"@context\":\"https:\\\/\\\/schema.org\",\"@graph\":[{\"@type\":\"WebPage\",\"@id\":\"https:\\\/\\\/www.vpcanada.com\\\/fr\",\"url\":\"https:\\\/\\\/www.vpcanada.com\\\/fr\",\"name\":\"Vertical P\u00e9riph\u00e9riques - Sp\u00e9cialiste en code-barres, \u00e9tiquettes et re\u00e7us\",\"isPartOf\":{\"@id\":\"https:\\\/\\\/www.vpcanada.com\\\/#website\"},\"datePublished\":\"2016-02-25T21:10:43+00:00\",\"dateModified\":\"2017-11-15T21:04:29+00:00\",\"description\":\"Fournisseur officiel au Canada pour vos besoins en code-barres, billets, re\u00e7us sans PBA, cartes d'identit\u00e9, mini claviers, imprimantes et rubans thermiques.\",\"breadcrumb\":{\"@id\":\"https:\\\/\\\/www.vpcanada.com\\\/fr#breadcrumb\"},\"inLanguage\":\"fr-FR\",\"potentialAction\":[{\"@type\":\"ReadAction\",\"target\":[\"https:\\\/\\\/www.vpcanada.com\\\/fr\"]}]},{\"@type\":\"BreadcrumbList\",\"@id\":\"https:\\\/\\\/www.vpcanada.com\\\/fr#breadcrumb\",\"itemListElement\":[{\"@type\":\"ListItem\",\"position\":1,\"name\":\"Home\",\"item\":\"https:\\\/\\\/www.vpcanada.com\\\/fr\"},{\"@type\":\"ListItem\",\"position\":2,\"name\":\"Page d&rsquo;accueil\"}]},{\"@type\":\"WebSite\",\"@id\":\"https:\\\/\\\/www.vpcanada.com\\\/#website\",\"url\":\"https:\\\/\\\/www.vpcanada.com\\\/\",\"name\":\"Vertical peripherals\",\"description\":\"\",\"potentialAction\":[{\"@type\":\"SearchAction\",\"target\":{\"@type\":\"EntryPoint\",\"urlTemplate\":\"https:\\\/\\\/www.vpcanada.com\\\/?s={search_term_string}\"},\"query-input\":{\"@type\":\"PropertyValueSpecification\",\"valueRequired\":true,\"valueName\":\"search_term_string\"}}],\"inLanguage\":\"fr-FR\"}]}<\/script>\n<!-- \/ Yoast SEO plugin. -->","yoast_head_json":{"title":"Vertical P\u00e9riph\u00e9riques - Sp\u00e9cialiste en code-barres, \u00e9tiquettes et re\u00e7us","description":"Fournisseur officiel au Canada pour vos besoins en code-barres, billets, re\u00e7us sans PBA, cartes d'identit\u00e9, mini claviers, imprimantes et rubans thermiques.","robots":{"index":"index","follow":"follow","max-snippet":"max-snippet:-1","max-image-preview":"max-image-preview:large","max-video-preview":"max-video-preview:-1"},"canonical":"https:\/\/www.vpcanada.com\/fr","og_locale":"fr_FR","og_type":"article","og_title":"Vertical P\u00e9riph\u00e9riques - Sp\u00e9cialiste en code-barres, \u00e9tiquettes et re\u00e7us","og_description":"Fournisseur officiel au Canada pour vos besoins en code-barres, billets, re\u00e7us sans PBA, cartes d'identit\u00e9, mini claviers, imprimantes et rubans thermiques.","og_url":"https:\/\/www.vpcanada.com\/fr","og_site_name":"Vertical peripherals","article_modified_time":"2017-11-15T21:04:29+00:00","twitter_card":"summary_large_image","schema":{"@context":"https:\/\/schema.org","@graph":[{"@type":"WebPage","@id":"https:\/\/www.vpcanada.com\/fr","url":"https:\/\/www.vpcanada.com\/fr","name":"Vertical P\u00e9riph\u00e9riques - Sp\u00e9cialiste en code-barres, \u00e9tiquettes et re\u00e7us","isPartOf":{"@id":"https:\/\/www.vpcanada.com\/#website"},"datePublished":"2016-02-25T21:10:43+00:00","dateModified":"2017-11-15T21:04:29+00:00","description":"Fournisseur officiel au Canada pour vos besoins en code-barres, billets, re\u00e7us sans PBA, cartes d'identit\u00e9, mini claviers, imprimantes et rubans thermiques.","breadcrumb":{"@id":"https:\/\/www.vpcanada.com\/fr#breadcrumb"},"inLanguage":"fr-FR","potentialAction":[{"@type":"ReadAction","target":["https:\/\/www.vpcanada.com\/fr"]}]},{"@type":"BreadcrumbList","@id":"https:\/\/www.vpcanada.com\/fr#breadcrumb","itemListElement":[{"@type":"ListItem","position":1,"name":"Home","item":"https:\/\/www.vpcanada.com\/fr"},{"@type":"ListItem","position":2,"name":"Page d&rsquo;accueil"}]},{"@type":"WebSite","@id":"https:\/\/www.vpcanada.com\/#website","url":"https:\/\/www.vpcanada.com\/","name":"Vertical peripherals","description":"","potentialAction":[{"@type":"SearchAction","target":{"@type":"EntryPoint","urlTemplate":"https:\/\/www.vpcanada.com\/?s={search_term_string}"},"query-input":{"@type":"PropertyValueSpecification","valueRequired":true,"valueName":"search_term_string"}}],"inLanguage":"fr-FR"}]}},"_links":{"self":[{"href":"https:\/\/www.vpcanada.com\/fr\/wp-json\/wp\/v2\/pages\/342","targetHints":{"allow":["GET"]}}],"collection":[{"href":"https:\/\/www.vpcanada.com\/fr\/wp-json\/wp\/v2\/pages"}],"about":[{"href":"https:\/\/www.vpcanada.com\/fr\/wp-json\/wp\/v2\/types\/page"}],"author":[{"embeddable":true,"href":"https:\/\/www.vpcanada.com\/fr\/wp-json\/wp\/v2\/users\/2"}],"replies":[{"embeddable":true,"href":"https:\/\/www.vpcanada.com\/fr\/wp-json\/wp\/v2\/comments?post=342"}],"version-history":[{"count":7,"href":"https:\/\/www.vpcanada.com\/fr\/wp-json\/wp\/v2\/pages\/342\/revisions"}],"predecessor-version":[{"id":343,"href":"https:\/\/www.vpcanada.com\/fr\/wp-json\/wp\/v2\/pages\/342\/revisions\/343"}],"wp:attachment":[{"href":"https:\/\/www.vpcanada.com\/fr\/wp-json\/wp\/v2\/media?parent=342"}],"curies":[{"name":"wp","href":"https:\/\/api.w.org\/{rel}","templated":true}]}}