{"id":347,"date":"2016-03-09T11:01:02","date_gmt":"2016-03-09T16:01:02","guid":{"rendered":"http:\/\/vpcanada.com\/ticketing-and-tagging\/custom-tickets-and-tags\/?lang=fr"},"modified":"2018-02-16T09:45:52","modified_gmt":"2018-02-16T14:45:52","slug":"billets-personnalises","status":"publish","type":"page","link":"https:\/\/www.vpcanada.com\/fr\/billets-et-cartonnettes\/billets-personnalises","title":{"rendered":"Billets personnalis\u00e9s"},"content":{"rendered":"<p>D\u00e9roulez le tapis rouge pour l\u2019impression de vos billets et cartonnettes.<br \/>\nQue ce soit pour un \u00e9v\u00e9nement ou un spectacle, nous vous proposons des fournitures de qualit\u00e9 sup\u00e9rieure \u00e0 des prix inf\u00e9rieurs, tout en vous offrant un service exceptionnel et ce,\u00a0 depuis plus de vingt ans.<\/p>\n<p><strong>Notre engagement:<\/strong> Vous offrir un \u00e9ventail de billets et cartonnettes (tags) de qualit\u00e9 sup\u00e9rieure\u00a0et\u00a0un rapport qualit\u00e9 prix exceptionnel.<\/p>\n<p>Id\u00e9al pour les centres de distribution, les entreprises de fabrication, les soins de la sant\u00e9, les laboratoires et les environnements industriels et difficiles.<\/p>\n<p><strong>Informez-vous\u00a0sur la fa\u00e7on d&rsquo;acc\u00e9l\u00e9rer l&rsquo;impression de vos billets et cartonnettes (tags) avec nos imprimantes fixes,\u00a0imprimantes \u00e0 kiosques, mobiles ou\u00a0\u00e0 guichets.<\/strong><\/p>\n","protected":false},"excerpt":{"rendered":"<p>Bien s\u00fbr vous voulez mettre le tapis rouge sur l\u2019impression de vos billets soit pour un \u00e9v\u00e9nement massif ou juste un spectacle de nuit, c\u2019est pourquoi nous avons fourni de la qualit\u00e9 sup\u00e9rieure, des prix inf\u00e9rieurs et un service exceptionnel pendant plus de vingt ans.<\/p>\n","protected":false},"author":2,"featured_media":148,"parent":275,"menu_order":0,"comment_status":"closed","ping_status":"closed","template":"","meta":{"_monsterinsights_skip_tracking":false,"_monsterinsights_sitenote_active":false,"_monsterinsights_sitenote_note":"","_monsterinsights_sitenote_category":0,"footnotes":""},"class_list":["post-347","page","type-page","status-publish","has-post-thumbnail","hentry"],"yoast_head":"<!-- This site is optimized with the Yoast SEO plugin v27.3 - https:\/\/yoast.com\/product\/yoast-seo-wordpress\/ -->\n<title>Vertical P\u00e9riph\u00e9riques: Billets et tags de qualit\u00e9 \u00e0 prix exceptionnel.<\/title>\n<meta name=\"description\" content=\"Pour un \u00e9v\u00e9nement ou un spectacle, nous vous proposons des fournitures (billets et tags) de qualit\u00e9 sup\u00e9rieure \u00e0 des prix inf\u00e9rieurs.\" \/>\n<meta name=\"robots\" content=\"index, follow, max-snippet:-1, max-image-preview:large, max-video-preview:-1\" \/>\n<link rel=\"canonical\" href=\"https:\/\/www.vpcanada.com\/ticketing-and-tagging\/custom-tickets-and-tags\" \/>\n<meta property=\"og:locale\" content=\"fr_FR\" \/>\n<meta property=\"og:type\" content=\"article\" \/>\n<meta property=\"og:title\" content=\"Vertical P\u00e9riph\u00e9riques: Billets et tags de qualit\u00e9 \u00e0 prix exceptionnel.\" \/>\n<meta property=\"og:description\" content=\"Pour un \u00e9v\u00e9nement ou un spectacle, nous vous proposons des fournitures (billets et tags) de qualit\u00e9 sup\u00e9rieure \u00e0 des prix inf\u00e9rieurs.\" \/>\n<meta property=\"og:url\" content=\"https:\/\/www.vpcanada.com\/ticketing-and-tagging\/custom-tickets-and-tags\" \/>\n<meta property=\"og:site_name\" content=\"Vertical peripherals\" \/>\n<meta property=\"article:modified_time\" content=\"2018-02-16T14:45:52+00:00\" \/>\n<meta property=\"og:image\" content=\"https:\/\/www.vpcanada.com\/wp-content\/uploads\/2016\/03\/custom-tickets-and-tags-1024x683.jpg\" \/>\n\t<meta property=\"og:image:width\" content=\"1024\" \/>\n\t<meta property=\"og:image:height\" content=\"683\" \/>\n\t<meta property=\"og:image:type\" content=\"image\/jpeg\" \/>\n<meta name=\"twitter:card\" content=\"summary_large_image\" \/>\n<meta name=\"twitter:label1\" content=\"Dur\u00e9e de lecture estim\u00e9e\" \/>\n\t<meta name=\"twitter:data1\" content=\"1 minute\" \/>\n<script type=\"application\/ld+json\" class=\"yoast-schema-graph\">{\"@context\":\"https:\\\/\\\/schema.org\",\"@graph\":[{\"@type\":\"WebPage\",\"@id\":\"https:\\\/\\\/www.vpcanada.com\\\/ticketing-and-tagging\\\/custom-tickets-and-tags\",\"url\":\"https:\\\/\\\/www.vpcanada.com\\\/ticketing-and-tagging\\\/custom-tickets-and-tags\",\"name\":\"Vertical P\u00e9riph\u00e9riques: Billets et tags de qualit\u00e9 \u00e0 prix exceptionnel.\",\"isPartOf\":{\"@id\":\"https:\\\/\\\/www.vpcanada.com\\\/#website\"},\"primaryImageOfPage\":{\"@id\":\"https:\\\/\\\/www.vpcanada.com\\\/ticketing-and-tagging\\\/custom-tickets-and-tags#primaryimage\"},\"image\":{\"@id\":\"https:\\\/\\\/www.vpcanada.com\\\/ticketing-and-tagging\\\/custom-tickets-and-tags#primaryimage\"},\"thumbnailUrl\":\"https:\\\/\\\/www.vpcanada.com\\\/wp-content\\\/uploads\\\/2016\\\/03\\\/custom-tickets-and-tags.jpg\",\"datePublished\":\"2016-03-09T16:01:02+00:00\",\"dateModified\":\"2018-02-16T14:45:52+00:00\",\"description\":\"Pour un \u00e9v\u00e9nement ou un spectacle, nous vous proposons des fournitures (billets et tags) de qualit\u00e9 sup\u00e9rieure \u00e0 des prix inf\u00e9rieurs.\",\"breadcrumb\":{\"@id\":\"https:\\\/\\\/www.vpcanada.com\\\/ticketing-and-tagging\\\/custom-tickets-and-tags#breadcrumb\"},\"inLanguage\":\"fr-FR\",\"potentialAction\":[{\"@type\":\"ReadAction\",\"target\":[\"https:\\\/\\\/www.vpcanada.com\\\/ticketing-and-tagging\\\/custom-tickets-and-tags\"]}]},{\"@type\":\"ImageObject\",\"inLanguage\":\"fr-FR\",\"@id\":\"https:\\\/\\\/www.vpcanada.com\\\/ticketing-and-tagging\\\/custom-tickets-and-tags#primaryimage\",\"url\":\"https:\\\/\\\/www.vpcanada.com\\\/wp-content\\\/uploads\\\/2016\\\/03\\\/custom-tickets-and-tags.jpg\",\"contentUrl\":\"https:\\\/\\\/www.vpcanada.com\\\/wp-content\\\/uploads\\\/2016\\\/03\\\/custom-tickets-and-tags.jpg\",\"width\":3600,\"height\":2400},{\"@type\":\"BreadcrumbList\",\"@id\":\"https:\\\/\\\/www.vpcanada.com\\\/ticketing-and-tagging\\\/custom-tickets-and-tags#breadcrumb\",\"itemListElement\":[{\"@type\":\"ListItem\",\"position\":1,\"name\":\"Home\",\"item\":\"https:\\\/\\\/www.vpcanada.com\\\/fr\"},{\"@type\":\"ListItem\",\"position\":2,\"name\":\"Billets et cartonnettes\",\"item\":\"https:\\\/\\\/www.vpcanada.com\\\/ticketing-and-tagging\"},{\"@type\":\"ListItem\",\"position\":3,\"name\":\"Billets personnalis\u00e9s\"}]},{\"@type\":\"WebSite\",\"@id\":\"https:\\\/\\\/www.vpcanada.com\\\/#website\",\"url\":\"https:\\\/\\\/www.vpcanada.com\\\/\",\"name\":\"Vertical peripherals\",\"description\":\"\",\"potentialAction\":[{\"@type\":\"SearchAction\",\"target\":{\"@type\":\"EntryPoint\",\"urlTemplate\":\"https:\\\/\\\/www.vpcanada.com\\\/?s={search_term_string}\"},\"query-input\":{\"@type\":\"PropertyValueSpecification\",\"valueRequired\":true,\"valueName\":\"search_term_string\"}}],\"inLanguage\":\"fr-FR\"}]}<\/script>\n<!-- \/ Yoast SEO plugin. -->","yoast_head_json":{"title":"Vertical P\u00e9riph\u00e9riques: Billets et tags de qualit\u00e9 \u00e0 prix exceptionnel.","description":"Pour un \u00e9v\u00e9nement ou un spectacle, nous vous proposons des fournitures (billets et tags) de qualit\u00e9 sup\u00e9rieure \u00e0 des prix inf\u00e9rieurs.","robots":{"index":"index","follow":"follow","max-snippet":"max-snippet:-1","max-image-preview":"max-image-preview:large","max-video-preview":"max-video-preview:-1"},"canonical":"https:\/\/www.vpcanada.com\/ticketing-and-tagging\/custom-tickets-and-tags","og_locale":"fr_FR","og_type":"article","og_title":"Vertical P\u00e9riph\u00e9riques: Billets et tags de qualit\u00e9 \u00e0 prix exceptionnel.","og_description":"Pour un \u00e9v\u00e9nement ou un spectacle, nous vous proposons des fournitures (billets et tags) de qualit\u00e9 sup\u00e9rieure \u00e0 des prix inf\u00e9rieurs.","og_url":"https:\/\/www.vpcanada.com\/ticketing-and-tagging\/custom-tickets-and-tags","og_site_name":"Vertical peripherals","article_modified_time":"2018-02-16T14:45:52+00:00","og_image":[{"width":1024,"height":683,"url":"https:\/\/www.vpcanada.com\/wp-content\/uploads\/2016\/03\/custom-tickets-and-tags-1024x683.jpg","type":"image\/jpeg"}],"twitter_card":"summary_large_image","twitter_misc":{"Dur\u00e9e de lecture estim\u00e9e":"1 minute"},"schema":{"@context":"https:\/\/schema.org","@graph":[{"@type":"WebPage","@id":"https:\/\/www.vpcanada.com\/ticketing-and-tagging\/custom-tickets-and-tags","url":"https:\/\/www.vpcanada.com\/ticketing-and-tagging\/custom-tickets-and-tags","name":"Vertical P\u00e9riph\u00e9riques: Billets et tags de qualit\u00e9 \u00e0 prix exceptionnel.","isPartOf":{"@id":"https:\/\/www.vpcanada.com\/#website"},"primaryImageOfPage":{"@id":"https:\/\/www.vpcanada.com\/ticketing-and-tagging\/custom-tickets-and-tags#primaryimage"},"image":{"@id":"https:\/\/www.vpcanada.com\/ticketing-and-tagging\/custom-tickets-and-tags#primaryimage"},"thumbnailUrl":"https:\/\/www.vpcanada.com\/wp-content\/uploads\/2016\/03\/custom-tickets-and-tags.jpg","datePublished":"2016-03-09T16:01:02+00:00","dateModified":"2018-02-16T14:45:52+00:00","description":"Pour un \u00e9v\u00e9nement ou un spectacle, nous vous proposons des fournitures (billets et tags) de qualit\u00e9 sup\u00e9rieure \u00e0 des prix inf\u00e9rieurs.","breadcrumb":{"@id":"https:\/\/www.vpcanada.com\/ticketing-and-tagging\/custom-tickets-and-tags#breadcrumb"},"inLanguage":"fr-FR","potentialAction":[{"@type":"ReadAction","target":["https:\/\/www.vpcanada.com\/ticketing-and-tagging\/custom-tickets-and-tags"]}]},{"@type":"ImageObject","inLanguage":"fr-FR","@id":"https:\/\/www.vpcanada.com\/ticketing-and-tagging\/custom-tickets-and-tags#primaryimage","url":"https:\/\/www.vpcanada.com\/wp-content\/uploads\/2016\/03\/custom-tickets-and-tags.jpg","contentUrl":"https:\/\/www.vpcanada.com\/wp-content\/uploads\/2016\/03\/custom-tickets-and-tags.jpg","width":3600,"height":2400},{"@type":"BreadcrumbList","@id":"https:\/\/www.vpcanada.com\/ticketing-and-tagging\/custom-tickets-and-tags#breadcrumb","itemListElement":[{"@type":"ListItem","position":1,"name":"Home","item":"https:\/\/www.vpcanada.com\/fr"},{"@type":"ListItem","position":2,"name":"Billets et cartonnettes","item":"https:\/\/www.vpcanada.com\/ticketing-and-tagging"},{"@type":"ListItem","position":3,"name":"Billets personnalis\u00e9s"}]},{"@type":"WebSite","@id":"https:\/\/www.vpcanada.com\/#website","url":"https:\/\/www.vpcanada.com\/","name":"Vertical peripherals","description":"","potentialAction":[{"@type":"SearchAction","target":{"@type":"EntryPoint","urlTemplate":"https:\/\/www.vpcanada.com\/?s={search_term_string}"},"query-input":{"@type":"PropertyValueSpecification","valueRequired":true,"valueName":"search_term_string"}}],"inLanguage":"fr-FR"}]}},"_links":{"self":[{"href":"https:\/\/www.vpcanada.com\/fr\/wp-json\/wp\/v2\/pages\/347","targetHints":{"allow":["GET"]}}],"collection":[{"href":"https:\/\/www.vpcanada.com\/fr\/wp-json\/wp\/v2\/pages"}],"about":[{"href":"https:\/\/www.vpcanada.com\/fr\/wp-json\/wp\/v2\/types\/page"}],"author":[{"embeddable":true,"href":"https:\/\/www.vpcanada.com\/fr\/wp-json\/wp\/v2\/users\/2"}],"replies":[{"embeddable":true,"href":"https:\/\/www.vpcanada.com\/fr\/wp-json\/wp\/v2\/comments?post=347"}],"version-history":[{"count":7,"href":"https:\/\/www.vpcanada.com\/fr\/wp-json\/wp\/v2\/pages\/347\/revisions"}],"predecessor-version":[{"id":348,"href":"https:\/\/www.vpcanada.com\/fr\/wp-json\/wp\/v2\/pages\/347\/revisions\/348"}],"up":[{"embeddable":true,"href":"https:\/\/www.vpcanada.com\/fr\/wp-json\/wp\/v2\/pages\/275"}],"wp:featuredmedia":[{"embeddable":true,"href":"https:\/\/www.vpcanada.com\/fr\/wp-json\/wp\/v2\/media\/148"}],"wp:attachment":[{"href":"https:\/\/www.vpcanada.com\/fr\/wp-json\/wp\/v2\/media?parent=347"}],"curies":[{"name":"wp","href":"https:\/\/api.w.org\/{rel}","templated":true}]}}