{"id":351,"date":"2016-03-09T11:09:39","date_gmt":"2016-03-09T16:09:39","guid":{"rendered":"http:\/\/vpcanada.com\/receipting\/custom-receipts\/?lang=fr"},"modified":"2018-02-16T15:30:55","modified_gmt":"2018-02-16T20:30:55","slug":"recus-personnalises","status":"publish","type":"page","link":"https:\/\/www.vpcanada.com\/fr\/recus\/recus-personnalises","title":{"rendered":"Re\u00e7us personnalis\u00e9s"},"content":{"rendered":"<p>Experts dans les fournitures informatiques\u00a0depuis 1988.<\/p>\n<p>Notre expertise dans l\u2019industrie du papier thermique\u00a0et notre bonne r\u00e9putation\u00a0dans les moulins de papier vous offre les fournitures indispensables pour vos impressions sans BPA ou de longue tenue pour l&rsquo;archivage.<\/p>\n<p><b>Informez-vous\u00a0sur la fa\u00e7on d\u2019acc\u00e9l\u00e9rer l\u2019impression de vos re\u00e7us personnalis\u00e9s avec nos imprimantes fixes, nos imprimantes \u00e0 kiosques, imprimantes\u00a0mobiles ou\u00a0\u00e0 guichets.<\/b><\/p>\n","protected":false},"excerpt":{"rendered":"<p>Nous avons commenc\u00e9 dans les fournitures informatiques en 1988 notre exp\u00e9rience et expertise dans l\u2019industrie du papier thermique.<\/p>\n","protected":false},"author":2,"featured_media":175,"parent":278,"menu_order":0,"comment_status":"closed","ping_status":"closed","template":"","meta":{"_monsterinsights_skip_tracking":false,"_monsterinsights_sitenote_active":false,"_monsterinsights_sitenote_note":"","_monsterinsights_sitenote_category":0,"footnotes":""},"class_list":["post-351","page","type-page","status-publish","has-post-thumbnail","hentry"],"yoast_head":"<!-- This site is optimized with the Yoast SEO plugin v27.3 - https:\/\/yoast.com\/product\/yoast-seo-wordpress\/ -->\n<title>Re\u00e7us personnalis\u00e9s - Vertical peripherals<\/title>\n<meta name=\"description\" content=\"Notre expertise dans l\u2019industrie du papier thermique vous offre les fournitures indispensables pour vos impressions sans BPA et pour l&#039;archivage.\" \/>\n<meta name=\"robots\" content=\"index, follow, max-snippet:-1, max-image-preview:large, max-video-preview:-1\" \/>\n<link rel=\"canonical\" href=\"https:\/\/www.vpcanada.com\/receipting\/custom-receipts\" \/>\n<meta property=\"og:locale\" content=\"fr_FR\" \/>\n<meta property=\"og:type\" content=\"article\" \/>\n<meta property=\"og:title\" content=\"Re\u00e7us personnalis\u00e9s - Vertical peripherals\" \/>\n<meta property=\"og:description\" content=\"Notre expertise dans l\u2019industrie du papier thermique vous offre les fournitures indispensables pour vos impressions sans BPA et pour l&#039;archivage.\" \/>\n<meta property=\"og:url\" content=\"https:\/\/www.vpcanada.com\/receipting\/custom-receipts\" \/>\n<meta property=\"og:site_name\" content=\"Vertical peripherals\" \/>\n<meta property=\"article:modified_time\" content=\"2018-02-16T20:30:55+00:00\" \/>\n<meta property=\"og:image\" content=\"https:\/\/www.vpcanada.com\/wp-content\/uploads\/2016\/03\/custom-receipts-1-1024x683.jpg\" \/>\n\t<meta property=\"og:image:width\" content=\"1024\" \/>\n\t<meta property=\"og:image:height\" content=\"683\" \/>\n\t<meta property=\"og:image:type\" content=\"image\/jpeg\" \/>\n<meta name=\"twitter:card\" content=\"summary_large_image\" \/>\n<script type=\"application\/ld+json\" class=\"yoast-schema-graph\">{\"@context\":\"https:\\\/\\\/schema.org\",\"@graph\":[{\"@type\":\"WebPage\",\"@id\":\"https:\\\/\\\/www.vpcanada.com\\\/receipting\\\/custom-receipts\",\"url\":\"https:\\\/\\\/www.vpcanada.com\\\/receipting\\\/custom-receipts\",\"name\":\"Re\u00e7us personnalis\u00e9s - Vertical peripherals\",\"isPartOf\":{\"@id\":\"https:\\\/\\\/www.vpcanada.com\\\/#website\"},\"primaryImageOfPage\":{\"@id\":\"https:\\\/\\\/www.vpcanada.com\\\/receipting\\\/custom-receipts#primaryimage\"},\"image\":{\"@id\":\"https:\\\/\\\/www.vpcanada.com\\\/receipting\\\/custom-receipts#primaryimage\"},\"thumbnailUrl\":\"https:\\\/\\\/www.vpcanada.com\\\/wp-content\\\/uploads\\\/2016\\\/03\\\/custom-receipts-1.jpg\",\"datePublished\":\"2016-03-09T16:09:39+00:00\",\"dateModified\":\"2018-02-16T20:30:55+00:00\",\"description\":\"Notre expertise dans l\u2019industrie du papier thermique vous offre les fournitures indispensables pour vos impressions sans BPA et pour l'archivage.\",\"breadcrumb\":{\"@id\":\"https:\\\/\\\/www.vpcanada.com\\\/receipting\\\/custom-receipts#breadcrumb\"},\"inLanguage\":\"fr-FR\",\"potentialAction\":[{\"@type\":\"ReadAction\",\"target\":[\"https:\\\/\\\/www.vpcanada.com\\\/receipting\\\/custom-receipts\"]}]},{\"@type\":\"ImageObject\",\"inLanguage\":\"fr-FR\",\"@id\":\"https:\\\/\\\/www.vpcanada.com\\\/receipting\\\/custom-receipts#primaryimage\",\"url\":\"https:\\\/\\\/www.vpcanada.com\\\/wp-content\\\/uploads\\\/2016\\\/03\\\/custom-receipts-1.jpg\",\"contentUrl\":\"https:\\\/\\\/www.vpcanada.com\\\/wp-content\\\/uploads\\\/2016\\\/03\\\/custom-receipts-1.jpg\",\"width\":3600,\"height\":2400},{\"@type\":\"BreadcrumbList\",\"@id\":\"https:\\\/\\\/www.vpcanada.com\\\/receipting\\\/custom-receipts#breadcrumb\",\"itemListElement\":[{\"@type\":\"ListItem\",\"position\":1,\"name\":\"Home\",\"item\":\"https:\\\/\\\/www.vpcanada.com\\\/fr\"},{\"@type\":\"ListItem\",\"position\":2,\"name\":\"Re\u00e7us\",\"item\":\"https:\\\/\\\/www.vpcanada.com\\\/receipting\"},{\"@type\":\"ListItem\",\"position\":3,\"name\":\"Re\u00e7us personnalis\u00e9s\"}]},{\"@type\":\"WebSite\",\"@id\":\"https:\\\/\\\/www.vpcanada.com\\\/#website\",\"url\":\"https:\\\/\\\/www.vpcanada.com\\\/\",\"name\":\"Vertical peripherals\",\"description\":\"\",\"potentialAction\":[{\"@type\":\"SearchAction\",\"target\":{\"@type\":\"EntryPoint\",\"urlTemplate\":\"https:\\\/\\\/www.vpcanada.com\\\/?s={search_term_string}\"},\"query-input\":{\"@type\":\"PropertyValueSpecification\",\"valueRequired\":true,\"valueName\":\"search_term_string\"}}],\"inLanguage\":\"fr-FR\"}]}<\/script>\n<!-- \/ Yoast SEO plugin. -->","yoast_head_json":{"title":"Re\u00e7us personnalis\u00e9s - Vertical peripherals","description":"Notre expertise dans l\u2019industrie du papier thermique vous offre les fournitures indispensables pour vos impressions sans BPA et pour l'archivage.","robots":{"index":"index","follow":"follow","max-snippet":"max-snippet:-1","max-image-preview":"max-image-preview:large","max-video-preview":"max-video-preview:-1"},"canonical":"https:\/\/www.vpcanada.com\/receipting\/custom-receipts","og_locale":"fr_FR","og_type":"article","og_title":"Re\u00e7us personnalis\u00e9s - Vertical peripherals","og_description":"Notre expertise dans l\u2019industrie du papier thermique vous offre les fournitures indispensables pour vos impressions sans BPA et pour l'archivage.","og_url":"https:\/\/www.vpcanada.com\/receipting\/custom-receipts","og_site_name":"Vertical peripherals","article_modified_time":"2018-02-16T20:30:55+00:00","og_image":[{"width":1024,"height":683,"url":"https:\/\/www.vpcanada.com\/wp-content\/uploads\/2016\/03\/custom-receipts-1-1024x683.jpg","type":"image\/jpeg"}],"twitter_card":"summary_large_image","schema":{"@context":"https:\/\/schema.org","@graph":[{"@type":"WebPage","@id":"https:\/\/www.vpcanada.com\/receipting\/custom-receipts","url":"https:\/\/www.vpcanada.com\/receipting\/custom-receipts","name":"Re\u00e7us personnalis\u00e9s - Vertical peripherals","isPartOf":{"@id":"https:\/\/www.vpcanada.com\/#website"},"primaryImageOfPage":{"@id":"https:\/\/www.vpcanada.com\/receipting\/custom-receipts#primaryimage"},"image":{"@id":"https:\/\/www.vpcanada.com\/receipting\/custom-receipts#primaryimage"},"thumbnailUrl":"https:\/\/www.vpcanada.com\/wp-content\/uploads\/2016\/03\/custom-receipts-1.jpg","datePublished":"2016-03-09T16:09:39+00:00","dateModified":"2018-02-16T20:30:55+00:00","description":"Notre expertise dans l\u2019industrie du papier thermique vous offre les fournitures indispensables pour vos impressions sans BPA et pour l'archivage.","breadcrumb":{"@id":"https:\/\/www.vpcanada.com\/receipting\/custom-receipts#breadcrumb"},"inLanguage":"fr-FR","potentialAction":[{"@type":"ReadAction","target":["https:\/\/www.vpcanada.com\/receipting\/custom-receipts"]}]},{"@type":"ImageObject","inLanguage":"fr-FR","@id":"https:\/\/www.vpcanada.com\/receipting\/custom-receipts#primaryimage","url":"https:\/\/www.vpcanada.com\/wp-content\/uploads\/2016\/03\/custom-receipts-1.jpg","contentUrl":"https:\/\/www.vpcanada.com\/wp-content\/uploads\/2016\/03\/custom-receipts-1.jpg","width":3600,"height":2400},{"@type":"BreadcrumbList","@id":"https:\/\/www.vpcanada.com\/receipting\/custom-receipts#breadcrumb","itemListElement":[{"@type":"ListItem","position":1,"name":"Home","item":"https:\/\/www.vpcanada.com\/fr"},{"@type":"ListItem","position":2,"name":"Re\u00e7us","item":"https:\/\/www.vpcanada.com\/receipting"},{"@type":"ListItem","position":3,"name":"Re\u00e7us personnalis\u00e9s"}]},{"@type":"WebSite","@id":"https:\/\/www.vpcanada.com\/#website","url":"https:\/\/www.vpcanada.com\/","name":"Vertical peripherals","description":"","potentialAction":[{"@type":"SearchAction","target":{"@type":"EntryPoint","urlTemplate":"https:\/\/www.vpcanada.com\/?s={search_term_string}"},"query-input":{"@type":"PropertyValueSpecification","valueRequired":true,"valueName":"search_term_string"}}],"inLanguage":"fr-FR"}]}},"_links":{"self":[{"href":"https:\/\/www.vpcanada.com\/fr\/wp-json\/wp\/v2\/pages\/351","targetHints":{"allow":["GET"]}}],"collection":[{"href":"https:\/\/www.vpcanada.com\/fr\/wp-json\/wp\/v2\/pages"}],"about":[{"href":"https:\/\/www.vpcanada.com\/fr\/wp-json\/wp\/v2\/types\/page"}],"author":[{"embeddable":true,"href":"https:\/\/www.vpcanada.com\/fr\/wp-json\/wp\/v2\/users\/2"}],"replies":[{"embeddable":true,"href":"https:\/\/www.vpcanada.com\/fr\/wp-json\/wp\/v2\/comments?post=351"}],"version-history":[{"count":6,"href":"https:\/\/www.vpcanada.com\/fr\/wp-json\/wp\/v2\/pages\/351\/revisions"}],"predecessor-version":[{"id":352,"href":"https:\/\/www.vpcanada.com\/fr\/wp-json\/wp\/v2\/pages\/351\/revisions\/352"}],"up":[{"embeddable":true,"href":"https:\/\/www.vpcanada.com\/fr\/wp-json\/wp\/v2\/pages\/278"}],"wp:featuredmedia":[{"embeddable":true,"href":"https:\/\/www.vpcanada.com\/fr\/wp-json\/wp\/v2\/media\/175"}],"wp:attachment":[{"href":"https:\/\/www.vpcanada.com\/fr\/wp-json\/wp\/v2\/media?parent=351"}],"curies":[{"name":"wp","href":"https:\/\/api.w.org\/{rel}","templated":true}]}}