{"id":366,"date":"2016-03-09T11:21:01","date_gmt":"2016-03-09T16:21:01","guid":{"rendered":"http:\/\/vpcanada.com\/badging\/custom-cards\/?lang=fr"},"modified":"2018-02-16T16:31:12","modified_gmt":"2018-02-16T21:31:12","slug":"cartes-personnalisees","status":"publish","type":"page","link":"https:\/\/www.vpcanada.com\/fr\/cartes-identite\/cartes-personnalisees","title":{"rendered":"Cartes personnalis\u00e9es"},"content":{"rendered":"<p>Depuis 1988 nous avons aid\u00e9 un grand nombre d\u2019entreprises dans l&rsquo;impression\u00a0de leurs propres cartes personnalis\u00e9es.<br \/>\nNous vous proposons des mat\u00e9riaux sp\u00e9cifiques pour vous offrir des cartes de haute qualit\u00e9.<br \/>\nToutes nos cartes en plastique respectent ou d\u00e9passent les normes rigoureuse \u00e9tablies par les caract\u00e8res ISO 7810 &#8211; 7816.<br \/>\nNos cartes de proximit\u00e9 offrent jusqu&rsquo;\u00e0 Seos TM. Ce niveau de qualit\u00e9 est crucial pour les cartes qui doivent entrer dans une imprimante, un lecteur ou un d\u00e9tecteur de pr\u00e9sences et convertisseurs.<\/p>\n<p>Demandez-nous comment nous pouvons vous aider \u00e0 optimiser votre projet d\u2019identification de cartes avec votre message personnalis\u00e9.<\/p>\n","protected":false},"excerpt":{"rendered":"<p>Nous avons aid\u00e9 un bon nombre d\u2019entreprises a imprimer leurs propres cartes personnalis\u00e9es. Ou si vous d\u00e9sirez nous les imprimerons pour vous.<\/p>\n","protected":false},"author":2,"featured_media":159,"parent":281,"menu_order":0,"comment_status":"closed","ping_status":"closed","template":"","meta":{"_monsterinsights_skip_tracking":false,"_monsterinsights_sitenote_active":false,"_monsterinsights_sitenote_note":"","_monsterinsights_sitenote_category":0,"footnotes":""},"class_list":["post-366","page","type-page","status-publish","has-post-thumbnail","hentry"],"yoast_head":"<!-- This site is optimized with the Yoast SEO plugin v27.3 - https:\/\/yoast.com\/product\/yoast-seo-wordpress\/ -->\n<title>Cartes personnalis\u00e9es - Vertical peripherals<\/title>\n<meta name=\"description\" content=\"Depuis 1988 nous avons aid\u00e9 un bon nombre d\u2019entreprises dans l&#039;impression de leurs propres cartes personnalis\u00e9es de la plus haute qualit\u00e9.\" \/>\n<meta name=\"robots\" content=\"index, follow, max-snippet:-1, max-image-preview:large, max-video-preview:-1\" \/>\n<link rel=\"canonical\" href=\"https:\/\/www.vpcanada.com\/badging\/custom-cards\" \/>\n<meta property=\"og:locale\" content=\"fr_FR\" \/>\n<meta property=\"og:type\" content=\"article\" \/>\n<meta property=\"og:title\" content=\"Cartes personnalis\u00e9es - Vertical peripherals\" \/>\n<meta property=\"og:description\" content=\"Depuis 1988 nous avons aid\u00e9 un bon nombre d\u2019entreprises dans l&#039;impression de leurs propres cartes personnalis\u00e9es de la plus haute qualit\u00e9.\" \/>\n<meta property=\"og:url\" content=\"https:\/\/www.vpcanada.com\/badging\/custom-cards\" \/>\n<meta property=\"og:site_name\" content=\"Vertical peripherals\" \/>\n<meta property=\"article:modified_time\" content=\"2018-02-16T21:31:12+00:00\" \/>\n<meta property=\"og:image\" content=\"https:\/\/www.vpcanada.com\/wp-content\/uploads\/2016\/03\/custom-cards-1024x683.jpg\" \/>\n\t<meta property=\"og:image:width\" content=\"1024\" \/>\n\t<meta property=\"og:image:height\" content=\"683\" \/>\n\t<meta property=\"og:image:type\" content=\"image\/jpeg\" \/>\n<meta name=\"twitter:card\" content=\"summary_large_image\" \/>\n<meta name=\"twitter:label1\" content=\"Dur\u00e9e de lecture estim\u00e9e\" \/>\n\t<meta name=\"twitter:data1\" content=\"1 minute\" \/>\n<script type=\"application\/ld+json\" class=\"yoast-schema-graph\">{\"@context\":\"https:\\\/\\\/schema.org\",\"@graph\":[{\"@type\":\"WebPage\",\"@id\":\"https:\\\/\\\/www.vpcanada.com\\\/badging\\\/custom-cards\",\"url\":\"https:\\\/\\\/www.vpcanada.com\\\/badging\\\/custom-cards\",\"name\":\"Cartes personnalis\u00e9es - Vertical peripherals\",\"isPartOf\":{\"@id\":\"https:\\\/\\\/www.vpcanada.com\\\/#website\"},\"primaryImageOfPage\":{\"@id\":\"https:\\\/\\\/www.vpcanada.com\\\/badging\\\/custom-cards#primaryimage\"},\"image\":{\"@id\":\"https:\\\/\\\/www.vpcanada.com\\\/badging\\\/custom-cards#primaryimage\"},\"thumbnailUrl\":\"https:\\\/\\\/www.vpcanada.com\\\/wp-content\\\/uploads\\\/2016\\\/03\\\/custom-cards.jpg\",\"datePublished\":\"2016-03-09T16:21:01+00:00\",\"dateModified\":\"2018-02-16T21:31:12+00:00\",\"description\":\"Depuis 1988 nous avons aid\u00e9 un bon nombre d\u2019entreprises dans l'impression de leurs propres cartes personnalis\u00e9es de la plus haute qualit\u00e9.\",\"breadcrumb\":{\"@id\":\"https:\\\/\\\/www.vpcanada.com\\\/badging\\\/custom-cards#breadcrumb\"},\"inLanguage\":\"fr-FR\",\"potentialAction\":[{\"@type\":\"ReadAction\",\"target\":[\"https:\\\/\\\/www.vpcanada.com\\\/badging\\\/custom-cards\"]}]},{\"@type\":\"ImageObject\",\"inLanguage\":\"fr-FR\",\"@id\":\"https:\\\/\\\/www.vpcanada.com\\\/badging\\\/custom-cards#primaryimage\",\"url\":\"https:\\\/\\\/www.vpcanada.com\\\/wp-content\\\/uploads\\\/2016\\\/03\\\/custom-cards.jpg\",\"contentUrl\":\"https:\\\/\\\/www.vpcanada.com\\\/wp-content\\\/uploads\\\/2016\\\/03\\\/custom-cards.jpg\",\"width\":4792,\"height\":3195},{\"@type\":\"BreadcrumbList\",\"@id\":\"https:\\\/\\\/www.vpcanada.com\\\/badging\\\/custom-cards#breadcrumb\",\"itemListElement\":[{\"@type\":\"ListItem\",\"position\":1,\"name\":\"Home\",\"item\":\"https:\\\/\\\/www.vpcanada.com\\\/fr\"},{\"@type\":\"ListItem\",\"position\":2,\"name\":\"Cartes d&#8217;identit\u00e9\",\"item\":\"https:\\\/\\\/www.vpcanada.com\\\/badging\"},{\"@type\":\"ListItem\",\"position\":3,\"name\":\"Cartes personnalis\u00e9es\"}]},{\"@type\":\"WebSite\",\"@id\":\"https:\\\/\\\/www.vpcanada.com\\\/#website\",\"url\":\"https:\\\/\\\/www.vpcanada.com\\\/\",\"name\":\"Vertical peripherals\",\"description\":\"\",\"potentialAction\":[{\"@type\":\"SearchAction\",\"target\":{\"@type\":\"EntryPoint\",\"urlTemplate\":\"https:\\\/\\\/www.vpcanada.com\\\/?s={search_term_string}\"},\"query-input\":{\"@type\":\"PropertyValueSpecification\",\"valueRequired\":true,\"valueName\":\"search_term_string\"}}],\"inLanguage\":\"fr-FR\"}]}<\/script>\n<!-- \/ Yoast SEO plugin. -->","yoast_head_json":{"title":"Cartes personnalis\u00e9es - Vertical peripherals","description":"Depuis 1988 nous avons aid\u00e9 un bon nombre d\u2019entreprises dans l'impression de leurs propres cartes personnalis\u00e9es de la plus haute qualit\u00e9.","robots":{"index":"index","follow":"follow","max-snippet":"max-snippet:-1","max-image-preview":"max-image-preview:large","max-video-preview":"max-video-preview:-1"},"canonical":"https:\/\/www.vpcanada.com\/badging\/custom-cards","og_locale":"fr_FR","og_type":"article","og_title":"Cartes personnalis\u00e9es - Vertical peripherals","og_description":"Depuis 1988 nous avons aid\u00e9 un bon nombre d\u2019entreprises dans l'impression de leurs propres cartes personnalis\u00e9es de la plus haute qualit\u00e9.","og_url":"https:\/\/www.vpcanada.com\/badging\/custom-cards","og_site_name":"Vertical peripherals","article_modified_time":"2018-02-16T21:31:12+00:00","og_image":[{"width":1024,"height":683,"url":"https:\/\/www.vpcanada.com\/wp-content\/uploads\/2016\/03\/custom-cards-1024x683.jpg","type":"image\/jpeg"}],"twitter_card":"summary_large_image","twitter_misc":{"Dur\u00e9e de lecture estim\u00e9e":"1 minute"},"schema":{"@context":"https:\/\/schema.org","@graph":[{"@type":"WebPage","@id":"https:\/\/www.vpcanada.com\/badging\/custom-cards","url":"https:\/\/www.vpcanada.com\/badging\/custom-cards","name":"Cartes personnalis\u00e9es - Vertical peripherals","isPartOf":{"@id":"https:\/\/www.vpcanada.com\/#website"},"primaryImageOfPage":{"@id":"https:\/\/www.vpcanada.com\/badging\/custom-cards#primaryimage"},"image":{"@id":"https:\/\/www.vpcanada.com\/badging\/custom-cards#primaryimage"},"thumbnailUrl":"https:\/\/www.vpcanada.com\/wp-content\/uploads\/2016\/03\/custom-cards.jpg","datePublished":"2016-03-09T16:21:01+00:00","dateModified":"2018-02-16T21:31:12+00:00","description":"Depuis 1988 nous avons aid\u00e9 un bon nombre d\u2019entreprises dans l'impression de leurs propres cartes personnalis\u00e9es de la plus haute qualit\u00e9.","breadcrumb":{"@id":"https:\/\/www.vpcanada.com\/badging\/custom-cards#breadcrumb"},"inLanguage":"fr-FR","potentialAction":[{"@type":"ReadAction","target":["https:\/\/www.vpcanada.com\/badging\/custom-cards"]}]},{"@type":"ImageObject","inLanguage":"fr-FR","@id":"https:\/\/www.vpcanada.com\/badging\/custom-cards#primaryimage","url":"https:\/\/www.vpcanada.com\/wp-content\/uploads\/2016\/03\/custom-cards.jpg","contentUrl":"https:\/\/www.vpcanada.com\/wp-content\/uploads\/2016\/03\/custom-cards.jpg","width":4792,"height":3195},{"@type":"BreadcrumbList","@id":"https:\/\/www.vpcanada.com\/badging\/custom-cards#breadcrumb","itemListElement":[{"@type":"ListItem","position":1,"name":"Home","item":"https:\/\/www.vpcanada.com\/fr"},{"@type":"ListItem","position":2,"name":"Cartes d&#8217;identit\u00e9","item":"https:\/\/www.vpcanada.com\/badging"},{"@type":"ListItem","position":3,"name":"Cartes personnalis\u00e9es"}]},{"@type":"WebSite","@id":"https:\/\/www.vpcanada.com\/#website","url":"https:\/\/www.vpcanada.com\/","name":"Vertical peripherals","description":"","potentialAction":[{"@type":"SearchAction","target":{"@type":"EntryPoint","urlTemplate":"https:\/\/www.vpcanada.com\/?s={search_term_string}"},"query-input":{"@type":"PropertyValueSpecification","valueRequired":true,"valueName":"search_term_string"}}],"inLanguage":"fr-FR"}]}},"_links":{"self":[{"href":"https:\/\/www.vpcanada.com\/fr\/wp-json\/wp\/v2\/pages\/366","targetHints":{"allow":["GET"]}}],"collection":[{"href":"https:\/\/www.vpcanada.com\/fr\/wp-json\/wp\/v2\/pages"}],"about":[{"href":"https:\/\/www.vpcanada.com\/fr\/wp-json\/wp\/v2\/types\/page"}],"author":[{"embeddable":true,"href":"https:\/\/www.vpcanada.com\/fr\/wp-json\/wp\/v2\/users\/2"}],"replies":[{"embeddable":true,"href":"https:\/\/www.vpcanada.com\/fr\/wp-json\/wp\/v2\/comments?post=366"}],"version-history":[{"count":6,"href":"https:\/\/www.vpcanada.com\/fr\/wp-json\/wp\/v2\/pages\/366\/revisions"}],"predecessor-version":[{"id":367,"href":"https:\/\/www.vpcanada.com\/fr\/wp-json\/wp\/v2\/pages\/366\/revisions\/367"}],"up":[{"embeddable":true,"href":"https:\/\/www.vpcanada.com\/fr\/wp-json\/wp\/v2\/pages\/281"}],"wp:featuredmedia":[{"embeddable":true,"href":"https:\/\/www.vpcanada.com\/fr\/wp-json\/wp\/v2\/media\/159"}],"wp:attachment":[{"href":"https:\/\/www.vpcanada.com\/fr\/wp-json\/wp\/v2\/media?parent=366"}],"curies":[{"name":"wp","href":"https:\/\/api.w.org\/{rel}","templated":true}]}}