{"id":371,"date":"2016-03-09T11:29:27","date_gmt":"2016-03-09T16:29:27","guid":{"rendered":"http:\/\/vpcanada.com\/badging\/badging-accessories\/?lang=fr"},"modified":"2018-02-16T16:32:34","modified_gmt":"2018-02-16T21:32:34","slug":"accessoires-personnalises","status":"publish","type":"page","link":"https:\/\/www.vpcanada.com\/fr\/cartes-identite\/accessoires-personnalises","title":{"rendered":"Accessoires personnalis\u00e9s"},"content":{"rendered":"<p>Cordons personnalis\u00e9s, attaches, pochettes, poin\u00e7ons, cam\u00e9ras et valises.<\/p>\n<p><a class=\"btn btn-link\" href=\"http:\/\/vpcanada.com\/wp-content\/uploads\/2016\/04\/Accessories.pdf\" target=\"_blank\" rel=\"noopener noreferrer\">Accessoires <\/a><\/p>\n","protected":false},"excerpt":{"rendered":"<p>Cordons personnalis\u00e9s, attaches, pochettes, troueuse, camera et valise.<\/p>\n","protected":false},"author":2,"featured_media":487,"parent":281,"menu_order":2,"comment_status":"closed","ping_status":"closed","template":"","meta":{"_monsterinsights_skip_tracking":false,"_monsterinsights_sitenote_active":false,"_monsterinsights_sitenote_note":"","_monsterinsights_sitenote_category":0,"footnotes":""},"class_list":["post-371","page","type-page","status-publish","has-post-thumbnail","hentry"],"yoast_head":"<!-- This site is optimized with the Yoast SEO plugin v27.3 - https:\/\/yoast.com\/product\/yoast-seo-wordpress\/ -->\n<title>Accessoires personnalis\u00e9s - Vertical peripherals<\/title>\n<meta name=\"robots\" content=\"index, follow, max-snippet:-1, max-image-preview:large, max-video-preview:-1\" \/>\n<link rel=\"canonical\" href=\"https:\/\/www.vpcanada.com\/badging\/badging-accessories\" \/>\n<meta property=\"og:locale\" content=\"fr_FR\" \/>\n<meta property=\"og:type\" content=\"article\" \/>\n<meta property=\"og:title\" content=\"Accessoires personnalis\u00e9s - Vertical peripherals\" \/>\n<meta property=\"og:description\" content=\"Cordons personnalis\u00e9s, attaches, pochettes, troueuse, camera et valise.\" \/>\n<meta property=\"og:url\" content=\"https:\/\/www.vpcanada.com\/badging\/badging-accessories\" \/>\n<meta property=\"og:site_name\" content=\"Vertical peripherals\" \/>\n<meta property=\"article:modified_time\" content=\"2018-02-16T21:32:34+00:00\" \/>\n<meta property=\"og:image\" content=\"https:\/\/www.vpcanada.com\/wp-content\/uploads\/2016\/03\/Vertical-Peripheriques-badging-Accessories-1.jpg\" \/>\n\t<meta property=\"og:image:width\" content=\"886\" \/>\n\t<meta property=\"og:image:height\" content=\"555\" \/>\n\t<meta property=\"og:image:type\" content=\"image\/jpeg\" \/>\n<meta name=\"twitter:card\" content=\"summary_large_image\" \/>\n<script type=\"application\/ld+json\" class=\"yoast-schema-graph\">{\"@context\":\"https:\\\/\\\/schema.org\",\"@graph\":[{\"@type\":\"WebPage\",\"@id\":\"https:\\\/\\\/www.vpcanada.com\\\/badging\\\/badging-accessories\",\"url\":\"https:\\\/\\\/www.vpcanada.com\\\/badging\\\/badging-accessories\",\"name\":\"Accessoires personnalis\u00e9s - Vertical peripherals\",\"isPartOf\":{\"@id\":\"https:\\\/\\\/www.vpcanada.com\\\/#website\"},\"primaryImageOfPage\":{\"@id\":\"https:\\\/\\\/www.vpcanada.com\\\/badging\\\/badging-accessories#primaryimage\"},\"image\":{\"@id\":\"https:\\\/\\\/www.vpcanada.com\\\/badging\\\/badging-accessories#primaryimage\"},\"thumbnailUrl\":\"https:\\\/\\\/www.vpcanada.com\\\/wp-content\\\/uploads\\\/2016\\\/03\\\/Vertical-Peripheriques-badging-Accessories-1.jpg\",\"datePublished\":\"2016-03-09T16:29:27+00:00\",\"dateModified\":\"2018-02-16T21:32:34+00:00\",\"breadcrumb\":{\"@id\":\"https:\\\/\\\/www.vpcanada.com\\\/badging\\\/badging-accessories#breadcrumb\"},\"inLanguage\":\"fr-FR\",\"potentialAction\":[{\"@type\":\"ReadAction\",\"target\":[\"https:\\\/\\\/www.vpcanada.com\\\/badging\\\/badging-accessories\"]}]},{\"@type\":\"ImageObject\",\"inLanguage\":\"fr-FR\",\"@id\":\"https:\\\/\\\/www.vpcanada.com\\\/badging\\\/badging-accessories#primaryimage\",\"url\":\"https:\\\/\\\/www.vpcanada.com\\\/wp-content\\\/uploads\\\/2016\\\/03\\\/Vertical-Peripheriques-badging-Accessories-1.jpg\",\"contentUrl\":\"https:\\\/\\\/www.vpcanada.com\\\/wp-content\\\/uploads\\\/2016\\\/03\\\/Vertical-Peripheriques-badging-Accessories-1.jpg\",\"width\":886,\"height\":555,\"caption\":\"Vertical P\u00e9riph\u00e9riques et accessoires personnalis\u00e9s\"},{\"@type\":\"BreadcrumbList\",\"@id\":\"https:\\\/\\\/www.vpcanada.com\\\/badging\\\/badging-accessories#breadcrumb\",\"itemListElement\":[{\"@type\":\"ListItem\",\"position\":1,\"name\":\"Home\",\"item\":\"https:\\\/\\\/www.vpcanada.com\\\/fr\"},{\"@type\":\"ListItem\",\"position\":2,\"name\":\"Cartes d&#8217;identit\u00e9\",\"item\":\"https:\\\/\\\/www.vpcanada.com\\\/badging\"},{\"@type\":\"ListItem\",\"position\":3,\"name\":\"Accessoires personnalis\u00e9s\"}]},{\"@type\":\"WebSite\",\"@id\":\"https:\\\/\\\/www.vpcanada.com\\\/#website\",\"url\":\"https:\\\/\\\/www.vpcanada.com\\\/\",\"name\":\"Vertical peripherals\",\"description\":\"\",\"potentialAction\":[{\"@type\":\"SearchAction\",\"target\":{\"@type\":\"EntryPoint\",\"urlTemplate\":\"https:\\\/\\\/www.vpcanada.com\\\/?s={search_term_string}\"},\"query-input\":{\"@type\":\"PropertyValueSpecification\",\"valueRequired\":true,\"valueName\":\"search_term_string\"}}],\"inLanguage\":\"fr-FR\"}]}<\/script>\n<!-- \/ Yoast SEO plugin. -->","yoast_head_json":{"title":"Accessoires personnalis\u00e9s - Vertical peripherals","robots":{"index":"index","follow":"follow","max-snippet":"max-snippet:-1","max-image-preview":"max-image-preview:large","max-video-preview":"max-video-preview:-1"},"canonical":"https:\/\/www.vpcanada.com\/badging\/badging-accessories","og_locale":"fr_FR","og_type":"article","og_title":"Accessoires personnalis\u00e9s - Vertical peripherals","og_description":"Cordons personnalis\u00e9s, attaches, pochettes, troueuse, camera et valise.","og_url":"https:\/\/www.vpcanada.com\/badging\/badging-accessories","og_site_name":"Vertical peripherals","article_modified_time":"2018-02-16T21:32:34+00:00","og_image":[{"width":886,"height":555,"url":"https:\/\/www.vpcanada.com\/wp-content\/uploads\/2016\/03\/Vertical-Peripheriques-badging-Accessories-1.jpg","type":"image\/jpeg"}],"twitter_card":"summary_large_image","schema":{"@context":"https:\/\/schema.org","@graph":[{"@type":"WebPage","@id":"https:\/\/www.vpcanada.com\/badging\/badging-accessories","url":"https:\/\/www.vpcanada.com\/badging\/badging-accessories","name":"Accessoires personnalis\u00e9s - Vertical peripherals","isPartOf":{"@id":"https:\/\/www.vpcanada.com\/#website"},"primaryImageOfPage":{"@id":"https:\/\/www.vpcanada.com\/badging\/badging-accessories#primaryimage"},"image":{"@id":"https:\/\/www.vpcanada.com\/badging\/badging-accessories#primaryimage"},"thumbnailUrl":"https:\/\/www.vpcanada.com\/wp-content\/uploads\/2016\/03\/Vertical-Peripheriques-badging-Accessories-1.jpg","datePublished":"2016-03-09T16:29:27+00:00","dateModified":"2018-02-16T21:32:34+00:00","breadcrumb":{"@id":"https:\/\/www.vpcanada.com\/badging\/badging-accessories#breadcrumb"},"inLanguage":"fr-FR","potentialAction":[{"@type":"ReadAction","target":["https:\/\/www.vpcanada.com\/badging\/badging-accessories"]}]},{"@type":"ImageObject","inLanguage":"fr-FR","@id":"https:\/\/www.vpcanada.com\/badging\/badging-accessories#primaryimage","url":"https:\/\/www.vpcanada.com\/wp-content\/uploads\/2016\/03\/Vertical-Peripheriques-badging-Accessories-1.jpg","contentUrl":"https:\/\/www.vpcanada.com\/wp-content\/uploads\/2016\/03\/Vertical-Peripheriques-badging-Accessories-1.jpg","width":886,"height":555,"caption":"Vertical P\u00e9riph\u00e9riques et accessoires personnalis\u00e9s"},{"@type":"BreadcrumbList","@id":"https:\/\/www.vpcanada.com\/badging\/badging-accessories#breadcrumb","itemListElement":[{"@type":"ListItem","position":1,"name":"Home","item":"https:\/\/www.vpcanada.com\/fr"},{"@type":"ListItem","position":2,"name":"Cartes d&#8217;identit\u00e9","item":"https:\/\/www.vpcanada.com\/badging"},{"@type":"ListItem","position":3,"name":"Accessoires personnalis\u00e9s"}]},{"@type":"WebSite","@id":"https:\/\/www.vpcanada.com\/#website","url":"https:\/\/www.vpcanada.com\/","name":"Vertical peripherals","description":"","potentialAction":[{"@type":"SearchAction","target":{"@type":"EntryPoint","urlTemplate":"https:\/\/www.vpcanada.com\/?s={search_term_string}"},"query-input":{"@type":"PropertyValueSpecification","valueRequired":true,"valueName":"search_term_string"}}],"inLanguage":"fr-FR"}]}},"_links":{"self":[{"href":"https:\/\/www.vpcanada.com\/fr\/wp-json\/wp\/v2\/pages\/371","targetHints":{"allow":["GET"]}}],"collection":[{"href":"https:\/\/www.vpcanada.com\/fr\/wp-json\/wp\/v2\/pages"}],"about":[{"href":"https:\/\/www.vpcanada.com\/fr\/wp-json\/wp\/v2\/types\/page"}],"author":[{"embeddable":true,"href":"https:\/\/www.vpcanada.com\/fr\/wp-json\/wp\/v2\/users\/2"}],"replies":[{"embeddable":true,"href":"https:\/\/www.vpcanada.com\/fr\/wp-json\/wp\/v2\/comments?post=371"}],"version-history":[{"count":6,"href":"https:\/\/www.vpcanada.com\/fr\/wp-json\/wp\/v2\/pages\/371\/revisions"}],"predecessor-version":[{"id":372,"href":"https:\/\/www.vpcanada.com\/fr\/wp-json\/wp\/v2\/pages\/371\/revisions\/372"}],"up":[{"embeddable":true,"href":"https:\/\/www.vpcanada.com\/fr\/wp-json\/wp\/v2\/pages\/281"}],"wp:featuredmedia":[{"embeddable":true,"href":"https:\/\/www.vpcanada.com\/fr\/wp-json\/wp\/v2\/media\/487"}],"wp:attachment":[{"href":"https:\/\/www.vpcanada.com\/fr\/wp-json\/wp\/v2\/media?parent=371"}],"curies":[{"name":"wp","href":"https:\/\/api.w.org\/{rel}","templated":true}]}}